{"id":983,"date":"2021-07-08T18:21:43","date_gmt":"2021-07-08T18:21:43","guid":{"rendered":"https:\/\/limamarket.com.ar\/home\/?post_type=product&#038;p=983"},"modified":"2025-01-10T22:19:22","modified_gmt":"2025-01-10T22:19:22","slug":"sahumerio-de-palo-santo-natural-sagrada-madre","status":"publish","type":"product","link":"https:\/\/limamarket.com.ar\/home\/producto\/sahumerio-de-palo-santo-natural-sagrada-madre\/","title":{"rendered":"Sahumerio de Palo Santo Natural Sagrada Madre"},"content":{"rendered":"<ul class=\"unordered-list w-list-unstyled\" role=\"list\">\n<li class=\"list-item-2\">\n<p class=\"paragraph-2\">Encender un sahumerio de<br \/>\nPalo Santo es un acto sagrado y purificador. Aumenta la sensaci\u00f3n de calma y bienestar atrayendo energ\u00edas positivas y armoniosas a todos que est\u00e9n en contacto con este humo sagrado.<\/p>\n<\/li>\n<li class=\"list-item\">\n<p class=\"paragraph\">Contenido Neto: 8 varillas Duraci\u00f3n extra Premium<br \/>\nComposici\u00f3n: Madera palo santo (peruano),<br \/>\naglutinante natural.<\/p>\n<\/li>\n<\/ul>\n","protected":false},"excerpt":{"rendered":"<p>Encender un sahumerio de Palo Santo es un acto sagrado y purificador. Aumenta la sensaci\u00f3n de calma y bienestar atrayendo energ\u00edas positivas y armoniosas a todos que est\u00e9n en contacto con este humo sagrado. Contenido Neto: 8 varillas Duraci\u00f3n extra Premium Composici\u00f3n: Madera palo santo (peruano), aglutinante natural.<\/p>\n","protected":false},"featured_media":984,"template":"","meta":{"_joinchat":[]},"product_cat":[621,1107],"product_tag":[273],"_links":{"self":[{"href":"https:\/\/limamarket.com.ar\/home\/wp-json\/wp\/v2\/product\/983"}],"collection":[{"href":"https:\/\/limamarket.com.ar\/home\/wp-json\/wp\/v2\/product"}],"about":[{"href":"https:\/\/limamarket.com.ar\/home\/wp-json\/wp\/v2\/types\/product"}],"wp:featuredmedia":[{"embeddable":true,"href":"https:\/\/limamarket.com.ar\/home\/wp-json\/wp\/v2\/media\/984"}],"wp:attachment":[{"href":"https:\/\/limamarket.com.ar\/home\/wp-json\/wp\/v2\/media?parent=983"}],"wp:term":[{"taxonomy":"product_cat","embeddable":true,"href":"https:\/\/limamarket.com.ar\/home\/wp-json\/wp\/v2\/product_cat?post=983"},{"taxonomy":"product_tag","embeddable":true,"href":"https:\/\/limamarket.com.ar\/home\/wp-json\/wp\/v2\/product_tag?post=983"}],"curies":[{"name":"wp","href":"https:\/\/api.w.org\/{rel}","templated":true}]}}