{"id":823,"date":"2021-06-29T13:35:00","date_gmt":"2021-06-29T13:35:00","guid":{"rendered":"https:\/\/limamarket.com.ar\/home\/?post_type=product&#038;p=823"},"modified":"2024-04-08T17:32:55","modified_gmt":"2024-04-08T17:32:55","slug":"chau-pis-concentrado-5lt","status":"publish","type":"product","link":"https:\/\/limamarket.com.ar\/home\/producto\/chau-pis-concentrado-5lt\/","title":{"rendered":"Chau Pis concentrado 5lt"},"content":{"rendered":"<h2 class=\"ui-pdp-description__title\">Descripci\u00f3n<\/h2>\n<p class=\"ui-pdp-description__content\">Chau Pis\u00ae act\u00faa como limpiador, desodorizante y desinfectante de superficies, de pis de perros y gatos desarrollado a partir de limpiadores sanitizantes espec\u00edficos, d\u00e1ndole la particularidad de eliminar los restos de prote\u00edna de la orina y por ello evitando la redeposici\u00f3n posterior ya que la mascota no registra ese espacio como propio o terreno marcado.<\/p>\n<p>Chau Pis\u00ae es un producto que no tiene aroma espec\u00edfico con lo cual es apto para aplicar en interiores ya sea con trapo o baldeando.<\/p>\n<p>Chau Pis\u00ae esta formulado para neutralizar olores con lo cual en lugares espec\u00edficos o donde el animal tiene un olor muy fuerte en la orina, neutraliza el olor y remueve los restos de la misma.<\/p>\n<p>Chau Pis\u00ae, en las proporciones indiciadas, es apto para aplicar en pisos de interior como cocinas, comedor o living, patios, garage y terrazas. No es inflamable.<\/p>\n<p>Presentaci\u00f3n bid\u00f3n por 5 litros, producto concentrado.<\/p>\n","protected":false},"excerpt":{"rendered":"<p>Descripci\u00f3n Chau Pis\u00ae act\u00faa como limpiador, desodorizante y desinfectante de superficies, de pis de perros y gatos desarrollado a partir de limpiadores sanitizantes espec\u00edficos, d\u00e1ndole la particularidad de eliminar los restos de prote\u00edna de la orina y por ello evitando la redeposici\u00f3n posterior ya que la mascota no registra ese espacio como propio o terreno [&#8230;]\n","protected":false},"featured_media":824,"template":"","meta":{"_joinchat":[]},"product_cat":[250,26,30],"product_tag":[224],"_links":{"self":[{"href":"https:\/\/limamarket.com.ar\/home\/wp-json\/wp\/v2\/product\/823"}],"collection":[{"href":"https:\/\/limamarket.com.ar\/home\/wp-json\/wp\/v2\/product"}],"about":[{"href":"https:\/\/limamarket.com.ar\/home\/wp-json\/wp\/v2\/types\/product"}],"wp:featuredmedia":[{"embeddable":true,"href":"https:\/\/limamarket.com.ar\/home\/wp-json\/wp\/v2\/media\/824"}],"wp:attachment":[{"href":"https:\/\/limamarket.com.ar\/home\/wp-json\/wp\/v2\/media?parent=823"}],"wp:term":[{"taxonomy":"product_cat","embeddable":true,"href":"https:\/\/limamarket.com.ar\/home\/wp-json\/wp\/v2\/product_cat?post=823"},{"taxonomy":"product_tag","embeddable":true,"href":"https:\/\/limamarket.com.ar\/home\/wp-json\/wp\/v2\/product_tag?post=823"}],"curies":[{"name":"wp","href":"https:\/\/api.w.org\/{rel}","templated":true}]}}