{"id":78,"date":"2021-05-20T19:02:04","date_gmt":"2021-05-20T19:02:04","guid":{"rendered":"https:\/\/limamarket.com.ar\/home\/?post_type=product&#038;p=78"},"modified":"2026-05-13T21:28:07","modified_gmt":"2026-05-13T21:28:07","slug":"elefante-escurridor-de-cubiertos","status":"publish","type":"product","link":"https:\/\/limamarket.com.ar\/home\/producto\/elefante-escurridor-de-cubiertos\/","title":{"rendered":"Elefante escurridor de cubiertos"},"content":{"rendered":"<p>Larga el l\u00edquido por la trompa. Ideal para escurrir cubiertos en la cocina o art\u00edculos de higiene dental.<br \/>\nTambi\u00e9n puede ser utilizado como maceta para tu jard\u00edn.<\/p>\n<p>Material: Pl\u00e1stico<br \/>\nMedidas: 15&#215;10 cm<br \/>\nModelo: elefante<br \/>\nOrigen: Argentina<\/p>\n<p>Color : rosa<\/p>\n","protected":false},"excerpt":{"rendered":"<p>Larga el l\u00edquido por la trompa. Ideal para escurrir cubiertos en la cocina o art\u00edculos de higiene dental. Tambi\u00e9n puede ser utilizado como maceta para tu jard\u00edn. Material: Pl\u00e1stico Medidas: 15&#215;10 cm Modelo: elefante Origen: Argentina Color : rosa<\/p>\n","protected":false},"featured_media":4796,"template":"","meta":{"_joinchat":[]},"product_cat":[956,1106],"product_tag":[87],"_links":{"self":[{"href":"https:\/\/limamarket.com.ar\/home\/wp-json\/wp\/v2\/product\/78"}],"collection":[{"href":"https:\/\/limamarket.com.ar\/home\/wp-json\/wp\/v2\/product"}],"about":[{"href":"https:\/\/limamarket.com.ar\/home\/wp-json\/wp\/v2\/types\/product"}],"wp:featuredmedia":[{"embeddable":true,"href":"https:\/\/limamarket.com.ar\/home\/wp-json\/wp\/v2\/media\/4796"}],"wp:attachment":[{"href":"https:\/\/limamarket.com.ar\/home\/wp-json\/wp\/v2\/media?parent=78"}],"wp:term":[{"taxonomy":"product_cat","embeddable":true,"href":"https:\/\/limamarket.com.ar\/home\/wp-json\/wp\/v2\/product_cat?post=78"},{"taxonomy":"product_tag","embeddable":true,"href":"https:\/\/limamarket.com.ar\/home\/wp-json\/wp\/v2\/product_tag?post=78"}],"curies":[{"name":"wp","href":"https:\/\/api.w.org\/{rel}","templated":true}]}}