{"id":5571,"date":"2026-05-13T18:33:32","date_gmt":"2026-05-13T18:33:32","guid":{"rendered":"https:\/\/limamarket.com.ar\/home\/?post_type=product&#038;p=5571"},"modified":"2026-05-13T21:26:17","modified_gmt":"2026-05-13T21:26:17","slug":"estante-rectangular-para-accesorios-bano-de-ventosa-bathlux","status":"publish","type":"product","link":"https:\/\/limamarket.com.ar\/home\/producto\/estante-rectangular-para-accesorios-bano-de-ventosa-bathlux\/","title":{"rendered":"Estante Rectangular Para Accesorios Ba\u00f1o De Ventosa Bathlux"},"content":{"rendered":"<h2 class=\"ui-pdp-description__title\" data-testid=\"title\">Descripci\u00f3n<\/h2>\n<p class=\"ui-pdp-description__content\" data-testid=\"content\">Estante para accesorios de ba\u00f1o de ventosa BATHLUX Color blanco Medidas: 30.2 x 13.8 x 12.7cm<\/p>\n<p class=\"ui-pdp-description__content\" data-testid=\"content\">F\u00e1cil de usar: f\u00e1cil de pegar y no da\u00f1a tus paredes, sin necesidad de clavar ni taladrar. F\u00e1cil de quitar sin rastros de superficie. Se puede utilizar repetidamente despu\u00e9s de limpiar y secar el adhesivo.<\/p>\n<p class=\"ui-pdp-description__content\" data-testid=\"content\">Impermeable y resistente al calor, perfecto para ba\u00f1os, ba\u00f1os o cocinas.<\/p>\n<p class=\"ui-pdp-description__content\" data-testid=\"content\">Capa adhesiva avanzada combinada con tecnolog\u00eda de capa de ventosa para proporcionar doble soporte para ganchos.<\/p>\n<p class=\"ui-pdp-description__content\" data-testid=\"content\">La parte inferior tiene partes de apoyo para aumentar la capacidad de carga de peso y evitar temblores.<\/p>\n<p class=\"ui-pdp-description__content\" data-testid=\"content\">Carga m\u00e1xima: 4kg<\/p>\n<p class=\"ui-pdp-description__content\" data-testid=\"content\">Dise\u00f1o hueco y gancho ajustable: el organizador de ducha hueco mantiene cosas como champ\u00fa, gel de ducha, acondicionador y limpiador facial se secan al aire r\u00e1pidamente y limpian.<\/p>\n<p class=\"ui-pdp-description__content\" data-testid=\"content\">Dos ganchos se pueden ajustar horizontalmente para adaptarse a cualquier rinc\u00f3n de tu ba\u00f1o. Ampliamente utilizado en una variedad de superficies, como madera, azulejos, cer\u00e1mica, metal, superficie de pl\u00e1stico y mucho m\u00e1s. Especialmente ideal para colgar accesorios de ducha o ba\u00f1o en un ba\u00f1o o utensilios de cocina y herramientas en un salpicadero de azulejos.<\/p>\n<p class=\"ui-pdp-description__content\" data-testid=\"content\">Alta calidad: la capa adhesiva se puede utilizar durante muchos a\u00f1os.<\/p>\n<ul class=\"ui-vpp-highlighted-specs__features-list\">\n<li class=\"ui-vpp-highlighted-specs__features-list-item ui-pdp-color--BLACK ui-pdp-size--XSMALL ui-pdp-family--REGULAR\">Dimenesiones: 30.2cm de ancho x 13.8cm de alto y 12.7cm de profundidad.<\/li>\n<li class=\"ui-vpp-highlighted-specs__features-list-item ui-pdp-color--BLACK ui-pdp-size--XSMALL ui-pdp-family--REGULAR\">Hecho de pvc.<\/li>\n<li class=\"ui-vpp-highlighted-specs__features-list-item ui-pdp-color--BLACK ui-pdp-size--XSMALL ui-pdp-family--REGULAR\">Cantidad de estantes: 1.<\/li>\n<li class=\"ui-vpp-highlighted-specs__features-list-item ui-pdp-color--BLACK ui-pdp-size--XSMALL ui-pdp-family--REGULAR\">Es resistente al agua.<\/li>\n<\/ul>\n","protected":false},"excerpt":{"rendered":"<p>Descripci\u00f3n Estante para accesorios de ba\u00f1o de ventosa BATHLUX Color blanco Medidas: 30.2 x 13.8 x 12.7cm F\u00e1cil de usar: f\u00e1cil de pegar y no da\u00f1a tus paredes, sin necesidad de clavar ni taladrar. F\u00e1cil de quitar sin rastros de superficie. Se puede utilizar repetidamente despu\u00e9s de limpiar y secar el adhesivo. Impermeable y resistente [&#8230;]\n","protected":false},"featured_media":5572,"template":"","meta":{"_joinchat":[]},"product_cat":[1105,956],"product_tag":[1323],"_links":{"self":[{"href":"https:\/\/limamarket.com.ar\/home\/wp-json\/wp\/v2\/product\/5571"}],"collection":[{"href":"https:\/\/limamarket.com.ar\/home\/wp-json\/wp\/v2\/product"}],"about":[{"href":"https:\/\/limamarket.com.ar\/home\/wp-json\/wp\/v2\/types\/product"}],"wp:featuredmedia":[{"embeddable":true,"href":"https:\/\/limamarket.com.ar\/home\/wp-json\/wp\/v2\/media\/5572"}],"wp:attachment":[{"href":"https:\/\/limamarket.com.ar\/home\/wp-json\/wp\/v2\/media?parent=5571"}],"wp:term":[{"taxonomy":"product_cat","embeddable":true,"href":"https:\/\/limamarket.com.ar\/home\/wp-json\/wp\/v2\/product_cat?post=5571"},{"taxonomy":"product_tag","embeddable":true,"href":"https:\/\/limamarket.com.ar\/home\/wp-json\/wp\/v2\/product_tag?post=5571"}],"curies":[{"name":"wp","href":"https:\/\/api.w.org\/{rel}","templated":true}]}}