{"id":5567,"date":"2026-05-13T18:29:20","date_gmt":"2026-05-13T18:29:20","guid":{"rendered":"https:\/\/limamarket.com.ar\/home\/?post_type=product&#038;p=5567"},"modified":"2026-05-13T18:29:20","modified_gmt":"2026-05-13T18:29:20","slug":"bathlux-canasta-de-bano-con-ventosa","status":"publish","type":"product","link":"https:\/\/limamarket.com.ar\/home\/producto\/bathlux-canasta-de-bano-con-ventosa\/","title":{"rendered":"BATHLUX Canasta de Ba\u00f1o con Ventosa"},"content":{"rendered":"<p><strong>Cesta de almacenamiento con ventosa. Capacidad de carga de hasta 4 kg. No da\u00f1a la superficie de las paredes y es de f\u00e1cil colocaci\u00f3n.<\/strong><\/p>\n<p><strong>MEDIDAS 24,3*17,9 Cm<\/strong><\/p>\n","protected":false},"excerpt":{"rendered":"<p>Cesta de almacenamiento con ventosa. Capacidad de carga de hasta 4 kg. No da\u00f1a la superficie de las paredes y es de f\u00e1cil colocaci\u00f3n. MEDIDAS 24,3*17,9 Cm<\/p>\n","protected":false},"featured_media":5568,"template":"","meta":{"_joinchat":[]},"product_cat":[1105,956],"product_tag":[1322],"_links":{"self":[{"href":"https:\/\/limamarket.com.ar\/home\/wp-json\/wp\/v2\/product\/5567"}],"collection":[{"href":"https:\/\/limamarket.com.ar\/home\/wp-json\/wp\/v2\/product"}],"about":[{"href":"https:\/\/limamarket.com.ar\/home\/wp-json\/wp\/v2\/types\/product"}],"wp:featuredmedia":[{"embeddable":true,"href":"https:\/\/limamarket.com.ar\/home\/wp-json\/wp\/v2\/media\/5568"}],"wp:attachment":[{"href":"https:\/\/limamarket.com.ar\/home\/wp-json\/wp\/v2\/media?parent=5567"}],"wp:term":[{"taxonomy":"product_cat","embeddable":true,"href":"https:\/\/limamarket.com.ar\/home\/wp-json\/wp\/v2\/product_cat?post=5567"},{"taxonomy":"product_tag","embeddable":true,"href":"https:\/\/limamarket.com.ar\/home\/wp-json\/wp\/v2\/product_tag?post=5567"}],"curies":[{"name":"wp","href":"https:\/\/api.w.org\/{rel}","templated":true}]}}