{"id":555,"date":"2021-06-04T16:33:44","date_gmt":"2021-06-04T16:33:44","guid":{"rendered":"https:\/\/limamarket.com.ar\/home\/?post_type=product&#038;p=555"},"modified":"2025-10-06T16:15:40","modified_gmt":"2025-10-06T16:15:40","slug":"desodorante-duft-sweet-marina-5l","status":"publish","type":"product","link":"https:\/\/limamarket.com.ar\/home\/producto\/desodorante-duft-sweet-marina-5l\/","title":{"rendered":"Desodorante duft sweet Marina 5L"},"content":{"rendered":"<p>Descripci\u00f3n<\/p>\n<p>&nbsp;<\/p>\n<p>Ideal para la limpieza y desinfecci\u00f3n de ba\u00f1os, pisos, azulejos, etc. Su fragancia perdura en el ambiente por varias horas ayudando a mantener los espacios limpios, impidiendo la acumulaci\u00f3n de bacterias. Fragancia marina.<\/p>\n<p>&nbsp;<\/p>\n<p>Informaci\u00f3n adicional<\/p>\n<p>Para pisos, disuelva 1 litro de producto en 40 litros de agua y aplique sobre el piso con un trapo embebido en la soluci\u00f3n, sin enjuagar.<br \/>\nPara desinfecci\u00f3n de inodoros, vierta el producto puro sobre las paredes del mismo y sus agentes bactericidas lo mantendr\u00e1n libre de g\u00e9rmenes. Para manchas de grasa, frotar el lugar con una esponja embebida en forma pura.<\/p>\n","protected":false},"excerpt":{"rendered":"<p>Descripci\u00f3n &nbsp; Ideal para la limpieza y desinfecci\u00f3n de ba\u00f1os, pisos, azulejos, etc. Su fragancia perdura en el ambiente por varias horas ayudando a mantener los espacios limpios, impidiendo la acumulaci\u00f3n de bacterias. Fragancia marina. &nbsp; Informaci\u00f3n adicional Para pisos, disuelva 1 litro de producto en 40 litros de agua y aplique sobre el piso [&#8230;]\n","protected":false},"featured_media":557,"template":"","meta":{"_joinchat":[]},"product_cat":[61,30],"product_tag":[171],"_links":{"self":[{"href":"https:\/\/limamarket.com.ar\/home\/wp-json\/wp\/v2\/product\/555"}],"collection":[{"href":"https:\/\/limamarket.com.ar\/home\/wp-json\/wp\/v2\/product"}],"about":[{"href":"https:\/\/limamarket.com.ar\/home\/wp-json\/wp\/v2\/types\/product"}],"wp:featuredmedia":[{"embeddable":true,"href":"https:\/\/limamarket.com.ar\/home\/wp-json\/wp\/v2\/media\/557"}],"wp:attachment":[{"href":"https:\/\/limamarket.com.ar\/home\/wp-json\/wp\/v2\/media?parent=555"}],"wp:term":[{"taxonomy":"product_cat","embeddable":true,"href":"https:\/\/limamarket.com.ar\/home\/wp-json\/wp\/v2\/product_cat?post=555"},{"taxonomy":"product_tag","embeddable":true,"href":"https:\/\/limamarket.com.ar\/home\/wp-json\/wp\/v2\/product_tag?post=555"}],"curies":[{"name":"wp","href":"https:\/\/api.w.org\/{rel}","templated":true}]}}