{"id":5538,"date":"2026-03-14T18:24:33","date_gmt":"2026-03-14T18:24:33","guid":{"rendered":"https:\/\/limamarket.com.ar\/home\/?post_type=product&#038;p=5538"},"modified":"2026-03-14T18:24:33","modified_gmt":"2026-03-14T18:24:33","slug":"antigrasa-citrico-x-5-litros","status":"publish","type":"product","link":"https:\/\/limamarket.com.ar\/home\/producto\/antigrasa-citrico-x-5-litros\/","title":{"rendered":"Antigrasa Citrico x 5 litros"},"content":{"rendered":"<div class=\"product attribute overview\">\n<div class=\"value\">Limpiador con acci\u00f3n desengrasante para todo tipo de superficies. Pisos y azulejos, ba\u00f1os y cocinas, ba\u00f1eras y enlozados.<\/div>\n<\/div>\n<div class=\"product attribute description\">\n<div class=\"value\">Atomizar el con la ayuda de un pulverizador sobre las superfcies a limpiar, pasar con esponja o rejilla h\u00fameda, enjuagar. En caso de quedar suciedad repetir el proceso.<\/div>\n<\/div>\n","protected":false},"excerpt":{"rendered":"<p>Limpiador con acci\u00f3n desengrasante para todo tipo de superficies. Pisos y azulejos, ba\u00f1os y cocinas, ba\u00f1eras y enlozados. Atomizar el con la ayuda de un pulverizador sobre las superfcies a limpiar, pasar con esponja o rejilla h\u00fameda, enjuagar. En caso de quedar suciedad repetir el proceso.<\/p>\n","protected":false},"featured_media":5539,"template":"","meta":{"_joinchat":[]},"product_cat":[49,26],"product_tag":[1319],"_links":{"self":[{"href":"https:\/\/limamarket.com.ar\/home\/wp-json\/wp\/v2\/product\/5538"}],"collection":[{"href":"https:\/\/limamarket.com.ar\/home\/wp-json\/wp\/v2\/product"}],"about":[{"href":"https:\/\/limamarket.com.ar\/home\/wp-json\/wp\/v2\/types\/product"}],"wp:featuredmedia":[{"embeddable":true,"href":"https:\/\/limamarket.com.ar\/home\/wp-json\/wp\/v2\/media\/5539"}],"wp:attachment":[{"href":"https:\/\/limamarket.com.ar\/home\/wp-json\/wp\/v2\/media?parent=5538"}],"wp:term":[{"taxonomy":"product_cat","embeddable":true,"href":"https:\/\/limamarket.com.ar\/home\/wp-json\/wp\/v2\/product_cat?post=5538"},{"taxonomy":"product_tag","embeddable":true,"href":"https:\/\/limamarket.com.ar\/home\/wp-json\/wp\/v2\/product_tag?post=5538"}],"curies":[{"name":"wp","href":"https:\/\/api.w.org\/{rel}","templated":true}]}}