{"id":5449,"date":"2025-08-27T21:12:45","date_gmt":"2025-08-27T21:12:45","guid":{"rendered":"https:\/\/limamarket.com.ar\/home\/?post_type=product&#038;p=5449"},"modified":"2026-03-11T16:22:47","modified_gmt":"2026-03-11T16:22:47","slug":"quitapelusas-electrico-recargable-sacapelusas-negro-magna","status":"publish","type":"product","link":"https:\/\/limamarket.com.ar\/home\/producto\/quitapelusas-electrico-recargable-sacapelusas-negro-magna\/","title":{"rendered":"Quitapelusas Electrico Recargable Sacapelusas"},"content":{"rendered":"<ul class=\"ui-vpp-highlighted-specs__features-list\">\n<li class=\"ui-vpp-highlighted-specs__features-list-item ui-pdp-color--BLACK ui-pdp-size--XSMALL ui-pdp-family--REGULAR\">Voltaje: 5V.<\/li>\n<li class=\"ui-vpp-highlighted-specs__features-list-item ui-pdp-color--BLACK ui-pdp-size--XSMALL ui-pdp-family--REGULAR\">Duraci\u00f3n de la bater\u00eda: 4h.<\/li>\n<li class=\"ui-vpp-highlighted-specs__features-list-item ui-pdp-color--BLACK ui-pdp-size--XSMALL ui-pdp-family--REGULAR\">Capacidad de la bater\u00eda: 3.7mAh.<\/li>\n<li class=\"ui-vpp-highlighted-specs__features-list-item ui-pdp-color--BLACK ui-pdp-size--XSMALL ui-pdp-family--REGULAR\">Incluye cable USB.<\/li>\n<li class=\"ui-vpp-highlighted-specs__features-list-item ui-pdp-color--BLACK ui-pdp-size--XSMALL ui-pdp-family--REGULAR\">Incluye cepillo de limpieza.<\/li>\n<\/ul>\n","protected":false},"excerpt":{"rendered":"<p>Voltaje: 5V. Duraci\u00f3n de la bater\u00eda: 4h. Capacidad de la bater\u00eda: 3.7mAh. Incluye cable USB. Incluye cepillo de limpieza.<\/p>\n","protected":false},"featured_media":5450,"template":"","meta":{"_joinchat":[]},"product_cat":[956,53,1104,28],"product_tag":[1318],"_links":{"self":[{"href":"https:\/\/limamarket.com.ar\/home\/wp-json\/wp\/v2\/product\/5449"}],"collection":[{"href":"https:\/\/limamarket.com.ar\/home\/wp-json\/wp\/v2\/product"}],"about":[{"href":"https:\/\/limamarket.com.ar\/home\/wp-json\/wp\/v2\/types\/product"}],"wp:featuredmedia":[{"embeddable":true,"href":"https:\/\/limamarket.com.ar\/home\/wp-json\/wp\/v2\/media\/5450"}],"wp:attachment":[{"href":"https:\/\/limamarket.com.ar\/home\/wp-json\/wp\/v2\/media?parent=5449"}],"wp:term":[{"taxonomy":"product_cat","embeddable":true,"href":"https:\/\/limamarket.com.ar\/home\/wp-json\/wp\/v2\/product_cat?post=5449"},{"taxonomy":"product_tag","embeddable":true,"href":"https:\/\/limamarket.com.ar\/home\/wp-json\/wp\/v2\/product_tag?post=5449"}],"curies":[{"name":"wp","href":"https:\/\/api.w.org\/{rel}","templated":true}]}}