{"id":5305,"date":"2025-05-19T21:03:10","date_gmt":"2025-05-19T21:03:10","guid":{"rendered":"https:\/\/limamarket.com.ar\/home\/?post_type=product&#038;p=5305"},"modified":"2026-04-06T17:19:48","modified_gmt":"2026-04-06T17:19:48","slug":"abrillantador-de-acero-inoxidable","status":"publish","type":"product","link":"https:\/\/limamarket.com.ar\/home\/producto\/abrillantador-de-acero-inoxidable\/","title":{"rendered":"AEROSOL ABRILLANTADOR DE ACERO INOXIDABLE"},"content":{"rendered":"<h2 class=\"content-box-heading fusion-responsive-typography-calculated\" data-fontsize=\"24\" data-lineheight=\"29.04px\">ABRILLANTADOR DE ACERO INOXIDABLE<\/h2>\n<p><b>Presentaci\u00f3n: 260 ml. \/ 360 grs.<\/b><\/p>\n<ul>\n<li><strong>R\u00c1PIDA ACCI\u00d3N<\/strong><\/li>\n<li><strong>Elimina la suciedad y grasitud de superficies met\u00e1licas<\/strong><\/li>\n<li><strong>Protege y devuelve el brillo<\/strong><\/li>\n<li>Deja una pel\u00edcula protectora evitando que se\u00a0<strong>adhiera<\/strong>\u00a0la suciedad<\/li>\n<li>No deja aureolas ni residuos aceitosos<\/li>\n<\/ul>\n","protected":false},"excerpt":{"rendered":"<p>ABRILLANTADOR DE ACERO INOXIDABLE Presentaci\u00f3n: 260 ml. \/ 360 grs. R\u00c1PIDA ACCI\u00d3N Elimina la suciedad y grasitud de superficies met\u00e1licas Protege y devuelve el brillo Deja una pel\u00edcula protectora evitando que se\u00a0adhiera\u00a0la suciedad No deja aureolas ni residuos aceitosos<\/p>\n","protected":false},"featured_media":5306,"template":"","meta":{"_joinchat":[]},"product_cat":[49,250,26,30,31,32],"product_tag":[1249],"_links":{"self":[{"href":"https:\/\/limamarket.com.ar\/home\/wp-json\/wp\/v2\/product\/5305"}],"collection":[{"href":"https:\/\/limamarket.com.ar\/home\/wp-json\/wp\/v2\/product"}],"about":[{"href":"https:\/\/limamarket.com.ar\/home\/wp-json\/wp\/v2\/types\/product"}],"wp:featuredmedia":[{"embeddable":true,"href":"https:\/\/limamarket.com.ar\/home\/wp-json\/wp\/v2\/media\/5306"}],"wp:attachment":[{"href":"https:\/\/limamarket.com.ar\/home\/wp-json\/wp\/v2\/media?parent=5305"}],"wp:term":[{"taxonomy":"product_cat","embeddable":true,"href":"https:\/\/limamarket.com.ar\/home\/wp-json\/wp\/v2\/product_cat?post=5305"},{"taxonomy":"product_tag","embeddable":true,"href":"https:\/\/limamarket.com.ar\/home\/wp-json\/wp\/v2\/product_tag?post=5305"}],"curies":[{"name":"wp","href":"https:\/\/api.w.org\/{rel}","templated":true}]}}