{"id":5259,"date":"2025-03-31T21:28:40","date_gmt":"2025-03-31T21:28:40","guid":{"rendered":"https:\/\/limamarket.com.ar\/home\/?post_type=product&#038;p=5259"},"modified":"2025-05-07T14:05:47","modified_gmt":"2025-05-07T14:05:47","slug":"moka-exclusive-red","status":"publish","type":"product","link":"https:\/\/limamarket.com.ar\/home\/producto\/moka-exclusive-red\/","title":{"rendered":"MOKA EXCLUSIVE RED"},"content":{"rendered":"<p>La colecci\u00f3n\u00a0<em>Bialetti Exclusive<\/em>\u00a0celebra el estilo de los a\u00f1os 60 y el dise\u00f1o original del Moka Express: Un viaje en el tiempo para redescubrir las ra\u00edces de una tradici\u00f3n y un emblema.<br \/>\nPartiendo de los rasgos distintivos que transformaron a las cafeteras Moka Express y Bialetti en \u00edconos, se ha creado una nueva gama de productos con un sabor vintage y refinado.<br \/>\nColores originales y acabado brillante. Adem\u00e1s de logo en relieve y asa de dise\u00f1o exclusivo y sofisticado.<\/p>\n<p>3 tazas:<\/p>\n<p>Capacidad: 150 ML<br \/>\nMedidas: 8,8 (ancho) x 15 (largo) x 15,5 (alto) cm<br \/>\nPeso: 370 g<\/p>\n","protected":false},"excerpt":{"rendered":"<p>La colecci\u00f3n\u00a0Bialetti Exclusive\u00a0celebra el estilo de los a\u00f1os 60 y el dise\u00f1o original del Moka Express: Un viaje en el tiempo para redescubrir las ra\u00edces de una tradici\u00f3n y un emblema. Partiendo de los rasgos distintivos que transformaron a las cafeteras Moka Express y Bialetti en \u00edconos, se ha creado una nueva gama de productos [&#8230;]\n","protected":false},"featured_media":5260,"template":"","meta":{"_joinchat":[]},"product_cat":[956,1106],"product_tag":[1233],"_links":{"self":[{"href":"https:\/\/limamarket.com.ar\/home\/wp-json\/wp\/v2\/product\/5259"}],"collection":[{"href":"https:\/\/limamarket.com.ar\/home\/wp-json\/wp\/v2\/product"}],"about":[{"href":"https:\/\/limamarket.com.ar\/home\/wp-json\/wp\/v2\/types\/product"}],"wp:featuredmedia":[{"embeddable":true,"href":"https:\/\/limamarket.com.ar\/home\/wp-json\/wp\/v2\/media\/5260"}],"wp:attachment":[{"href":"https:\/\/limamarket.com.ar\/home\/wp-json\/wp\/v2\/media?parent=5259"}],"wp:term":[{"taxonomy":"product_cat","embeddable":true,"href":"https:\/\/limamarket.com.ar\/home\/wp-json\/wp\/v2\/product_cat?post=5259"},{"taxonomy":"product_tag","embeddable":true,"href":"https:\/\/limamarket.com.ar\/home\/wp-json\/wp\/v2\/product_tag?post=5259"}],"curies":[{"name":"wp","href":"https:\/\/api.w.org\/{rel}","templated":true}]}}