{"id":5175,"date":"2024-11-15T16:03:48","date_gmt":"2024-11-15T16:03:48","guid":{"rendered":"https:\/\/limamarket.com.ar\/home\/?post_type=product&#038;p=5175"},"modified":"2026-04-27T16:58:11","modified_gmt":"2026-04-27T16:58:11","slug":"perfumante-sandalo-para-telas-y-ambientes-x-1-litro","status":"publish","type":"product","link":"https:\/\/limamarket.com.ar\/home\/producto\/perfumante-sandalo-para-telas-y-ambientes-x-1-litro\/","title":{"rendered":"Perfumante S\u00e1ndalo para telas y ambientes x 1 litro"},"content":{"rendered":"<div class=\"product attribute overview\">\n<div class=\"value\">Este producto es un aromatizante para telas y ambientes de todo tipo, tales como cortinas, sillones o tapizados de autos, se puede usar tambi\u00e9n durante el planchado. Hace \u00fanicos tus espacios con estas fragancias! Pod\u00e9s combinar los perfumantes con aceites<\/div>\n<\/div>\n<div class=\"product attribute description\">\n<div class=\"value\">Pulverizar o rociar sobre las superficies o ambientes a perfumar Dejar secar. \/ Precauci\u00f3n Inflamable, no pulverizar sobre llama.<\/div>\n<\/div>\n","protected":false},"excerpt":{"rendered":"<p>Este producto es un aromatizante para telas y ambientes de todo tipo, tales como cortinas, sillones o tapizados de autos, se puede usar tambi\u00e9n durante el planchado. Hace \u00fanicos tus espacios con estas fragancias! Pod\u00e9s combinar los perfumantes con aceites Pulverizar o rociar sobre las superficies o ambientes a perfumar Dejar secar. \/ Precauci\u00f3n Inflamable, [&#8230;]\n","protected":false},"featured_media":5176,"template":"","meta":{"_joinchat":[]},"product_cat":[621,1144],"product_tag":[1202],"_links":{"self":[{"href":"https:\/\/limamarket.com.ar\/home\/wp-json\/wp\/v2\/product\/5175"}],"collection":[{"href":"https:\/\/limamarket.com.ar\/home\/wp-json\/wp\/v2\/product"}],"about":[{"href":"https:\/\/limamarket.com.ar\/home\/wp-json\/wp\/v2\/types\/product"}],"wp:featuredmedia":[{"embeddable":true,"href":"https:\/\/limamarket.com.ar\/home\/wp-json\/wp\/v2\/media\/5176"}],"wp:attachment":[{"href":"https:\/\/limamarket.com.ar\/home\/wp-json\/wp\/v2\/media?parent=5175"}],"wp:term":[{"taxonomy":"product_cat","embeddable":true,"href":"https:\/\/limamarket.com.ar\/home\/wp-json\/wp\/v2\/product_cat?post=5175"},{"taxonomy":"product_tag","embeddable":true,"href":"https:\/\/limamarket.com.ar\/home\/wp-json\/wp\/v2\/product_tag?post=5175"}],"curies":[{"name":"wp","href":"https:\/\/api.w.org\/{rel}","templated":true}]}}