{"id":5126,"date":"2024-11-13T14:58:39","date_gmt":"2024-11-13T14:58:39","guid":{"rendered":"https:\/\/limamarket.com.ar\/home\/?post_type=product&#038;p=5126"},"modified":"2025-01-11T16:20:52","modified_gmt":"2025-01-11T16:20:52","slug":"bolso-matero-luck","status":"publish","type":"product","link":"https:\/\/limamarket.com.ar\/home\/producto\/bolso-matero-luck\/","title":{"rendered":"Bolso matero luck"},"content":{"rendered":"<p>El bolso matero Pink\u00a0viene en un mont\u00f3n de estampas divertidas, eleg\u00ed la que m\u00e1s te guste y llev\u00e1 tu equipo de mate a todos lados en esta matera s\u00faper canchera!<\/p>\n<p>\u00a1Ponele onda a tus juntadas, en el parque, la cancha, la playa o la pileta!<\/p>\n<p>Detalles del producto:<\/p>\n<p>Bolso matero confeccionado en cordura, forrado en su interior con aislante t\u00e9rmico. Contiene un el\u00e1stico en la parte interna para colocar dentro la bombilla. Con cierre y correa regulable a tono.<\/p>\n<p>Medidas:<\/p>\n<ul>\n<li>Chico: 30 x 20 cm.<\/li>\n<li>Grande: 36\u00a0x 20 cm. Referencia: Entra un termo grande Stanley.<\/li>\n<\/ul>\n","protected":false},"excerpt":{"rendered":"<p>El bolso matero Pink\u00a0viene en un mont\u00f3n de estampas divertidas, eleg\u00ed la que m\u00e1s te guste y llev\u00e1 tu equipo de mate a todos lados en esta matera s\u00faper canchera! \u00a1Ponele onda a tus juntadas, en el parque, la cancha, la playa o la pileta! Detalles del producto: Bolso matero confeccionado en cordura, forrado en [&#8230;]\n","protected":false},"featured_media":5127,"template":"","meta":{"_joinchat":[]},"product_cat":[960,25],"product_tag":[1183],"_links":{"self":[{"href":"https:\/\/limamarket.com.ar\/home\/wp-json\/wp\/v2\/product\/5126"}],"collection":[{"href":"https:\/\/limamarket.com.ar\/home\/wp-json\/wp\/v2\/product"}],"about":[{"href":"https:\/\/limamarket.com.ar\/home\/wp-json\/wp\/v2\/types\/product"}],"wp:featuredmedia":[{"embeddable":true,"href":"https:\/\/limamarket.com.ar\/home\/wp-json\/wp\/v2\/media\/5127"}],"wp:attachment":[{"href":"https:\/\/limamarket.com.ar\/home\/wp-json\/wp\/v2\/media?parent=5126"}],"wp:term":[{"taxonomy":"product_cat","embeddable":true,"href":"https:\/\/limamarket.com.ar\/home\/wp-json\/wp\/v2\/product_cat?post=5126"},{"taxonomy":"product_tag","embeddable":true,"href":"https:\/\/limamarket.com.ar\/home\/wp-json\/wp\/v2\/product_tag?post=5126"}],"curies":[{"name":"wp","href":"https:\/\/api.w.org\/{rel}","templated":true}]}}