{"id":5051,"date":"2024-11-12T15:20:50","date_gmt":"2024-11-12T15:20:50","guid":{"rendered":"https:\/\/limamarket.com.ar\/home\/?post_type=product&#038;p=5051"},"modified":"2025-01-10T18:16:57","modified_gmt":"2025-01-10T18:16:57","slug":"organizador-extensible-para-heladeras","status":"publish","type":"product","link":"https:\/\/limamarket.com.ar\/home\/producto\/organizador-extensible-para-heladeras\/","title":{"rendered":"Organizador Extensible para Heladeras"},"content":{"rendered":"<h5>Descripci\u00f3n<\/h5>\n<p><strong>Pr\u00e1cticos cajoncitos multiusos extensibles que te van ayudan a organizar y ganar espacio de guardado en tu heladera.<\/strong><\/p>\n<p><strong>Se adaptan a cualquier estante.<\/strong><\/p>\n<p><strong>\u00a1Tambi\u00e9n los pod\u00e9s usar para organizar tu escritorio!<\/strong><\/p>\n<p><strong>Material: Pl\u00e1stico<\/strong><\/p>\n<p><strong>Medidas cerrado: 20 cm x 16 cm x 6 cm.<\/strong><\/p>\n<p><strong>Medidas extendido: 29 cm x 16 cm x 6 cm.<\/strong><\/p>\n<p>Color: lila<\/p>\n","protected":false},"excerpt":{"rendered":"<p>Descripci\u00f3n Pr\u00e1cticos cajoncitos multiusos extensibles que te van ayudan a organizar y ganar espacio de guardado en tu heladera. Se adaptan a cualquier estante. \u00a1Tambi\u00e9n los pod\u00e9s usar para organizar tu escritorio! Material: Pl\u00e1stico Medidas cerrado: 20 cm x 16 cm x 6 cm. Medidas extendido: 29 cm x 16 cm x 6 cm. Color: [&#8230;]\n","protected":false},"featured_media":5052,"template":"","meta":{"_joinchat":[]},"product_cat":[956,1106],"product_tag":[1165],"_links":{"self":[{"href":"https:\/\/limamarket.com.ar\/home\/wp-json\/wp\/v2\/product\/5051"}],"collection":[{"href":"https:\/\/limamarket.com.ar\/home\/wp-json\/wp\/v2\/product"}],"about":[{"href":"https:\/\/limamarket.com.ar\/home\/wp-json\/wp\/v2\/types\/product"}],"wp:featuredmedia":[{"embeddable":true,"href":"https:\/\/limamarket.com.ar\/home\/wp-json\/wp\/v2\/media\/5052"}],"wp:attachment":[{"href":"https:\/\/limamarket.com.ar\/home\/wp-json\/wp\/v2\/media?parent=5051"}],"wp:term":[{"taxonomy":"product_cat","embeddable":true,"href":"https:\/\/limamarket.com.ar\/home\/wp-json\/wp\/v2\/product_cat?post=5051"},{"taxonomy":"product_tag","embeddable":true,"href":"https:\/\/limamarket.com.ar\/home\/wp-json\/wp\/v2\/product_tag?post=5051"}],"curies":[{"name":"wp","href":"https:\/\/api.w.org\/{rel}","templated":true}]}}