{"id":4932,"date":"2024-11-09T16:06:50","date_gmt":"2024-11-09T16:06:50","guid":{"rendered":"https:\/\/limamarket.com.ar\/home\/?post_type=product&#038;p=4932"},"modified":"2026-02-12T21:25:17","modified_gmt":"2026-02-12T21:25:17","slug":"kit-de-exploracion-fera","status":"publish","type":"product","link":"https:\/\/limamarket.com.ar\/home\/producto\/kit-de-exploracion-fera\/","title":{"rendered":"Kit de Exploraci\u00f3n- Fera"},"content":{"rendered":"<p>Kit de Exploraci\u00f3n- Fera<\/p>\n<p><strong>Un set de papeler\u00eda interactiva para registrar tus paseos cotidianos Escrito por Aniko Villalba e ilustrado por Mar\u00eda Luque<\/strong><\/p>\n<p>El Kit de exploraci\u00f3n no es un set de papeler\u00eda tradicional; no est\u00e1 pensado para coleccionar, ni para guardar y mucho menos para dejar en blanco. Es papeler\u00eda para usar. Cada elemento del kit tiene disparadores escritos por Aniko Villalba e ilustrados por Mar\u00eda Luque para que te pongas en modo exploraci\u00f3n, documentes lo que te llama la atenci\u00f3n durante tus paseos cotidianos y compartas tus descubrimientos. Este set de papeler\u00eda interactiva incluye:<\/p>\n<p>\u25cf 12 cartas con propuestas para ponerte en modo exploraci\u00f3n, tanto adentro como afuera de tu casa.<\/p>\n<p>\u25cf 24 checklists para documentar todo lo que llame tu atenci\u00f3n.<\/p>\n<p>\u25cf 24 papeles de carta para compartir tus experiencias con otras personas, lugares y con vos misma.<\/p>\n<p>\u25cf 6 sobres para enviar algunas de tus cartas.<\/p>\n<p>\u25cf Una libreta para ampliar tus registros, anotar sensaciones o hacer dibujos. Las consignas son solo sugerencias, no hay una manera correcta o incorrecta de interpretarlas. Adem\u00e1s, hay varias p\u00e1ginas sin propuestas para que las llenes como quieras. \u00a1Qu\u00e9 este kit te acompa\u00f1e y te inspire en tus pr\u00f3ximos recorridos!<\/p>\n<p>Editado por FERA<\/p>\n<p>Medida: 15x21cm<\/p>\n","protected":false},"excerpt":{"rendered":"<p>Kit de Exploraci\u00f3n- Fera Un set de papeler\u00eda interactiva para registrar tus paseos cotidianos Escrito por Aniko Villalba e ilustrado por Mar\u00eda Luque El Kit de exploraci\u00f3n no es un set de papeler\u00eda tradicional; no est\u00e1 pensado para coleccionar, ni para guardar y mucho menos para dejar en blanco. Es papeler\u00eda para usar. Cada elemento [&#8230;]\n","protected":false},"featured_media":4933,"template":"","meta":{"_joinchat":[]},"product_cat":[1102,25],"product_tag":[1135],"_links":{"self":[{"href":"https:\/\/limamarket.com.ar\/home\/wp-json\/wp\/v2\/product\/4932"}],"collection":[{"href":"https:\/\/limamarket.com.ar\/home\/wp-json\/wp\/v2\/product"}],"about":[{"href":"https:\/\/limamarket.com.ar\/home\/wp-json\/wp\/v2\/types\/product"}],"wp:featuredmedia":[{"embeddable":true,"href":"https:\/\/limamarket.com.ar\/home\/wp-json\/wp\/v2\/media\/4933"}],"wp:attachment":[{"href":"https:\/\/limamarket.com.ar\/home\/wp-json\/wp\/v2\/media?parent=4932"}],"wp:term":[{"taxonomy":"product_cat","embeddable":true,"href":"https:\/\/limamarket.com.ar\/home\/wp-json\/wp\/v2\/product_cat?post=4932"},{"taxonomy":"product_tag","embeddable":true,"href":"https:\/\/limamarket.com.ar\/home\/wp-json\/wp\/v2\/product_tag?post=4932"}],"curies":[{"name":"wp","href":"https:\/\/api.w.org\/{rel}","templated":true}]}}