{"id":4874,"date":"2024-11-08T21:42:07","date_gmt":"2024-11-08T21:42:07","guid":{"rendered":"https:\/\/limamarket.com.ar\/home\/?post_type=product&#038;p=4874"},"modified":"2025-01-06T14:57:13","modified_gmt":"2025-01-06T14:57:13","slug":"lucky-cat-rojo-maneki-neki","status":"publish","type":"product","link":"https:\/\/limamarket.com.ar\/home\/producto\/lucky-cat-rojo-maneki-neki\/","title":{"rendered":"Lucky Cat Rojo -Maneki Neki"},"content":{"rendered":"<p>Lucky Cat Rojo -Maneki Neki<\/p>\n<p>Simboliza: Pasion<\/p>\n<p>Material: Pp de alta calidad<\/p>\n<p>ESTE ADORNO ES UN S\u00cdMBOLO DE BUENA SUERTE EN LA CULTURA JAPONESA. AC\u00c1 TE MOSTRAMOS C\u00d3MO CUIDARLO Y DISFRUTARLO AL M\u00c1XIMO:<\/p>\n<p>1. UBICACI\u00d3N: COLOCA TU MANEKI NEKO EN UN LUGAR VISIBLE, COMO UNA REPISA O UNA MESA. SE CREE QUE TRAE BUENA FORTUNA, AS\u00cd QUE ELEGI UN LUGAR ESPECIAL EN TU CASA, CUARTO U OFICINA.<br \/>\n2. ORIENTACI\u00d3N DE LA PATA: LA PATA DEL MANEKI NEKO TIENE QUE ESTAR LEVANTADA. Y QUE SIEMPRE APUNTE HACIA LA PUERTA. SE DICE QUE AS\u00cd ATRAER\u00c1 LA PROSPERIDAD Y LA RIQUEZA. Y SI TEN\u00c9S UN NEGOCIO TE TRAER\u00c1 MUCHOS CLIENTES. 3. LIMPIEZA: DE VEZ EN CUANDO, LIMPIALO SUAVEMENTE CON UN PA\u00d1O SUAVE PARA ELIMINAR EL POLVO Y MANTENER SU BRILLO.<br \/>\n4. PILAS: LAS PILAS NO VIENEN INCLUIDAS. FIJATE EN EL DIBUJO PARA SABER QU\u00c9 PILAS NECESITA TU GATO DE LA SUERTE. Y ASEGURATE DE CAMBIARLAS CUANDO SE AGOTEN PARA MANTENERLO EN FUNCIONAMIENTO. EL TIEMPO QUE DURA EL PRODUCTO DEPENDE DEL TIPO Y LA MARCA DE LAS PILAS QUE USES.<br \/>\n5. EVITA TOCAR LA PATA: AUNQUE PUEDE SER TENTADOR, EVITA TOCAR LA PATA DEL MANEKI NEKO, YA QUE SE CONSIDERA UN GESTO DE MALA SUERTE. DEJALA LEVANTADA PARA QUE SIGA ATRAYENDO LA FORTUNA.<br \/>\n6. DISFRUTA Y COMPARTI LA BUENA SUERTE DE TENER UN LUCKY CAT EN TU CASA: TU MANEKI NEKO ES UN S\u00cdMBOLO DE BUENA SUERTE, AS\u00cd QUE COMPARTI SU PRESENCIA Y ENERG\u00cdA POSITIVA CON TUS AMIGOS Y SERES QUERIDOS.<br \/>\n7. RECORD\u00c1 QUE EL MANEKI NEKO ES UN AMULETO DE LA SUERTE Y SU SIGNIFICADO VAR\u00cdA SEG\u00daN LA CULTURA Y LAS CREENCIAS INDIVIDUALES.<br \/>\n8. \u00a1DIVERTITE Y QUE TE TRAIGA MUCHA FORTUNA!<br \/>\nSEGURIDAD<br \/>\n\u00a1NI SE TE OCURRA HACERLO FUNCIONAR ADENTRO DEL PAQUETE! USALO SOLO ADENTRO, NO LO SAQUES A LA CALLE, NI LO MOJES.<br \/>\nTU GATO DE LA SUERTE TIENE PARTES CHIQUITAS QUE PUEDEN SER PELIGROSAS, TEN\u00c9 CUIDADO CON MENORES DE 3 A\u00d1OS.<br \/>\n\u2022 CUANDO NO LO EST\u00c9S USANDO, SACALE LAS PILAS.<br \/>\nNO LO EXPONGAS AL SOL, PARA QUE MANTENGA SU COLOR ORIGINAL POR MAS TIEMPO.<br \/>\nTAMA\u00d1O CLASSIC<br \/>\n15 CM<br \/>\nPILA: 1 PILA AA<\/p>\n","protected":false},"excerpt":{"rendered":"<p>Lucky Cat Rojo -Maneki Neki Simboliza: Pasion Material: Pp de alta calidad ESTE ADORNO ES UN S\u00cdMBOLO DE BUENA SUERTE EN LA CULTURA JAPONESA. AC\u00c1 TE MOSTRAMOS C\u00d3MO CUIDARLO Y DISFRUTARLO AL M\u00c1XIMO: 1. UBICACI\u00d3N: COLOCA TU MANEKI NEKO EN UN LUGAR VISIBLE, COMO UNA REPISA O UNA MESA. SE CREE QUE TRAE BUENA FORTUNA, [&#8230;]\n","protected":false},"featured_media":4875,"template":"","meta":{"_joinchat":[]},"product_cat":[959,25],"product_tag":[1120],"_links":{"self":[{"href":"https:\/\/limamarket.com.ar\/home\/wp-json\/wp\/v2\/product\/4874"}],"collection":[{"href":"https:\/\/limamarket.com.ar\/home\/wp-json\/wp\/v2\/product"}],"about":[{"href":"https:\/\/limamarket.com.ar\/home\/wp-json\/wp\/v2\/types\/product"}],"wp:featuredmedia":[{"embeddable":true,"href":"https:\/\/limamarket.com.ar\/home\/wp-json\/wp\/v2\/media\/4875"}],"wp:attachment":[{"href":"https:\/\/limamarket.com.ar\/home\/wp-json\/wp\/v2\/media?parent=4874"}],"wp:term":[{"taxonomy":"product_cat","embeddable":true,"href":"https:\/\/limamarket.com.ar\/home\/wp-json\/wp\/v2\/product_cat?post=4874"},{"taxonomy":"product_tag","embeddable":true,"href":"https:\/\/limamarket.com.ar\/home\/wp-json\/wp\/v2\/product_tag?post=4874"}],"curies":[{"name":"wp","href":"https:\/\/api.w.org\/{rel}","templated":true}]}}