{"id":4748,"date":"2024-09-27T16:45:56","date_gmt":"2024-09-27T16:45:56","guid":{"rendered":"https:\/\/limamarket.com.ar\/home\/?post_type=product&#038;p=4748"},"modified":"2026-02-11T21:58:45","modified_gmt":"2026-02-11T21:58:45","slug":"delec-2-jabon-liquido-para-ropa-x-5-litros","status":"publish","type":"product","link":"https:\/\/limamarket.com.ar\/home\/producto\/delec-2-jabon-liquido-para-ropa-x-5-litros\/","title":{"rendered":"DELEC 2 Jab\u00f3n L\u00edquido para ropa x 5 litros"},"content":{"rendered":"<div class=\"product attribute overview\">\n<div class=\"value\">El Delec 2 Jab\u00f3n es un detergente para el lavado de ropa en lavarropas autom\u00e1ticos. Es muy efectivo para quitar manchas y suciedad diaria de las ropas o telas Mantiene los colores brillantes y los blancos a\u00fan m\u00e1s blancos. Sus agentes antirredepositantes evitan el engrisado de las telas. Sus blanqueadores espec\u00edficos para telas de algod\u00f3n y sint\u00e9ticas como nylon y poli\u00e9ster hacen que la ropa interior y deportiva quede con blancura brillante y duradera. Posee un exquisito perfume floral que otorga una fragancia duradera. Tiene un excelente balance costo beneficio.<\/div>\n<div><\/div>\n<\/div>\n<div class=\"product attribute description\">\n<div class=\"value\">El Delec 2 Jab\u00f3n L\u00edquido puede utilizarse para lavados en lavarropas as\u00ed como tambi\u00e9n para lavados a mano. Lavarropas: Se recomienda utilizar 100 ml por carga de 5 kilos de ropa. Tambi\u00e9n se puede usar el producto como prelavado sobre las manchas. Puede agregarse a la gaveta del lavarropas o bien en una bocha en el tambor. Puede utilizarse en prelavado, aplicando sobre la mancha para colocar luego en lavarropas o bien colocando 10ml en balde con agua y dejar en remojo. En lavarropas deben usarse 100 ml por carga de 5 kilos. Es muy efectivo con agua fr\u00eda.<\/div>\n<\/div>\n","protected":false},"excerpt":{"rendered":"<p>El Delec 2 Jab\u00f3n es un detergente para el lavado de ropa en lavarropas autom\u00e1ticos. Es muy efectivo para quitar manchas y suciedad diaria de las ropas o telas Mantiene los colores brillantes y los blancos a\u00fan m\u00e1s blancos. Sus agentes antirredepositantes evitan el engrisado de las telas. Sus blanqueadores espec\u00edficos para telas de algod\u00f3n [&#8230;]\n","protected":false},"featured_media":4749,"template":"","meta":{"_joinchat":[]},"product_cat":[16,17],"product_tag":[1085],"_links":{"self":[{"href":"https:\/\/limamarket.com.ar\/home\/wp-json\/wp\/v2\/product\/4748"}],"collection":[{"href":"https:\/\/limamarket.com.ar\/home\/wp-json\/wp\/v2\/product"}],"about":[{"href":"https:\/\/limamarket.com.ar\/home\/wp-json\/wp\/v2\/types\/product"}],"wp:featuredmedia":[{"embeddable":true,"href":"https:\/\/limamarket.com.ar\/home\/wp-json\/wp\/v2\/media\/4749"}],"wp:attachment":[{"href":"https:\/\/limamarket.com.ar\/home\/wp-json\/wp\/v2\/media?parent=4748"}],"wp:term":[{"taxonomy":"product_cat","embeddable":true,"href":"https:\/\/limamarket.com.ar\/home\/wp-json\/wp\/v2\/product_cat?post=4748"},{"taxonomy":"product_tag","embeddable":true,"href":"https:\/\/limamarket.com.ar\/home\/wp-json\/wp\/v2\/product_tag?post=4748"}],"curies":[{"name":"wp","href":"https:\/\/api.w.org\/{rel}","templated":true}]}}