{"id":4720,"date":"2024-07-24T17:14:55","date_gmt":"2024-07-24T17:14:55","guid":{"rendered":"https:\/\/limamarket.com.ar\/home\/?post_type=product&#038;p=4720"},"modified":"2025-11-14T10:35:01","modified_gmt":"2025-11-14T10:35:01","slug":"detergente-ultra-limon-x-5-litros","status":"publish","type":"product","link":"https:\/\/limamarket.com.ar\/home\/producto\/detergente-ultra-limon-x-5-litros\/","title":{"rendered":"Detergente ultra x 5 litros"},"content":{"rendered":"<div class=\"product attribute overview\">\n<div class=\"value\">Este es un detergente de lavado de vajilla de calidad Ultra, rinde x 4 respecto de los detergentes comunes. Usas menos, gastas menos. Limpia en profundidad. F\u00e1cil enjuague. La vajilla quedar\u00e1 brillante y sin marcas de agua.<\/div>\n<div>Modo de uso:<\/div>\n<\/div>\n<div class=\"product attribute description\">\n<div class=\"value\">Colocar una peque\u00f1a cantidad sobre la esponja, o en el agua de lavado, dejar que ingrese en la esponja y luego lavar normalmente.<\/div>\n<\/div>\n","protected":false},"excerpt":{"rendered":"<p>Este es un detergente de lavado de vajilla de calidad Ultra, rinde x 4 respecto de los detergentes comunes. Usas menos, gastas menos. Limpia en profundidad. F\u00e1cil enjuague. La vajilla quedar\u00e1 brillante y sin marcas de agua. Modo de uso: Colocar una peque\u00f1a cantidad sobre la esponja, o en el agua de lavado, dejar que [&#8230;]\n","protected":false},"featured_media":4721,"template":"","meta":{"_joinchat":[]},"product_cat":[48,26],"product_tag":[1214],"_links":{"self":[{"href":"https:\/\/limamarket.com.ar\/home\/wp-json\/wp\/v2\/product\/4720"}],"collection":[{"href":"https:\/\/limamarket.com.ar\/home\/wp-json\/wp\/v2\/product"}],"about":[{"href":"https:\/\/limamarket.com.ar\/home\/wp-json\/wp\/v2\/types\/product"}],"wp:featuredmedia":[{"embeddable":true,"href":"https:\/\/limamarket.com.ar\/home\/wp-json\/wp\/v2\/media\/4721"}],"wp:attachment":[{"href":"https:\/\/limamarket.com.ar\/home\/wp-json\/wp\/v2\/media?parent=4720"}],"wp:term":[{"taxonomy":"product_cat","embeddable":true,"href":"https:\/\/limamarket.com.ar\/home\/wp-json\/wp\/v2\/product_cat?post=4720"},{"taxonomy":"product_tag","embeddable":true,"href":"https:\/\/limamarket.com.ar\/home\/wp-json\/wp\/v2\/product_tag?post=4720"}],"curies":[{"name":"wp","href":"https:\/\/api.w.org\/{rel}","templated":true}]}}