{"id":4660,"date":"2024-05-08T15:08:34","date_gmt":"2024-05-08T15:08:34","guid":{"rendered":"https:\/\/limamarket.com.ar\/home\/?post_type=product&#038;p=4660"},"modified":"2025-01-10T18:14:12","modified_gmt":"2025-01-10T18:14:12","slug":"percha-para-pantalones","status":"publish","type":"product","link":"https:\/\/limamarket.com.ar\/home\/producto\/percha-para-pantalones\/","title":{"rendered":"Percha para Pantalones"},"content":{"rendered":"<h5>Descripci\u00f3n<\/h5>\n<p>\u00a1Con esta\u00a0percha\u00a0vas a ahorrar espacio en tu placard y lo mejor vas a mantener pantalones libres de arrugas!<\/p>\n<p>En cada percha se puede colgar 5 pantalones, tambi\u00e9n es super \u00fatil para organizar corbatas y\u00a0pa\u00f1uelos al mismo tiempo.<\/p>\n<p>Es una muy buena opci\u00f3n si ya no sab\u00e9s como mantener ordenados tus\u00a0pantalones.<\/p>\n<p>Material: acero inoxidable<\/p>\n<p>Medidas: 33 cm x 34,5 cm alto<\/p>\n","protected":false},"excerpt":{"rendered":"<p>Descripci\u00f3n \u00a1Con esta\u00a0percha\u00a0vas a ahorrar espacio en tu placard y lo mejor vas a mantener pantalones libres de arrugas! En cada percha se puede colgar 5 pantalones, tambi\u00e9n es super \u00fatil para organizar corbatas y\u00a0pa\u00f1uelos al mismo tiempo. Es una muy buena opci\u00f3n si ya no sab\u00e9s como mantener ordenados tus\u00a0pantalones. Material: acero inoxidable Medidas: [&#8230;]\n","protected":false},"featured_media":4661,"template":"","meta":{"_joinchat":[]},"product_cat":[956,1104],"product_tag":[1064],"_links":{"self":[{"href":"https:\/\/limamarket.com.ar\/home\/wp-json\/wp\/v2\/product\/4660"}],"collection":[{"href":"https:\/\/limamarket.com.ar\/home\/wp-json\/wp\/v2\/product"}],"about":[{"href":"https:\/\/limamarket.com.ar\/home\/wp-json\/wp\/v2\/types\/product"}],"wp:featuredmedia":[{"embeddable":true,"href":"https:\/\/limamarket.com.ar\/home\/wp-json\/wp\/v2\/media\/4661"}],"wp:attachment":[{"href":"https:\/\/limamarket.com.ar\/home\/wp-json\/wp\/v2\/media?parent=4660"}],"wp:term":[{"taxonomy":"product_cat","embeddable":true,"href":"https:\/\/limamarket.com.ar\/home\/wp-json\/wp\/v2\/product_cat?post=4660"},{"taxonomy":"product_tag","embeddable":true,"href":"https:\/\/limamarket.com.ar\/home\/wp-json\/wp\/v2\/product_tag?post=4660"}],"curies":[{"name":"wp","href":"https:\/\/api.w.org\/{rel}","templated":true}]}}