{"id":4643,"date":"2024-05-08T14:52:33","date_gmt":"2024-05-08T14:52:33","guid":{"rendered":"https:\/\/limamarket.com.ar\/home\/?post_type=product&#038;p=4643"},"modified":"2026-03-14T18:35:20","modified_gmt":"2026-03-14T18:35:20","slug":"percha-organizadora","status":"publish","type":"product","link":"https:\/\/limamarket.com.ar\/home\/producto\/percha-organizadora\/","title":{"rendered":"PERCHA ORGANIZADORA"},"content":{"rendered":"<p>Percha Organizadora de Cinturones.<\/p>\n<p>Sirve tambi\u00e9n para organizar pa\u00f1uelos, corbatas o peque\u00f1os accesorios.<\/p>\n<p>Los colores se env\u00edan de forma surtida<\/p>\n<p>Tiene espacio para 8 prendas<\/p>\n","protected":false},"excerpt":{"rendered":"<p>Percha Organizadora de Cinturones. Sirve tambi\u00e9n para organizar pa\u00f1uelos, corbatas o peque\u00f1os accesorios. Los colores se env\u00edan de forma surtida Tiene espacio para 8 prendas<\/p>\n","protected":false},"featured_media":4644,"template":"","meta":{"_joinchat":[]},"product_cat":[956,1104],"product_tag":[1060],"_links":{"self":[{"href":"https:\/\/limamarket.com.ar\/home\/wp-json\/wp\/v2\/product\/4643"}],"collection":[{"href":"https:\/\/limamarket.com.ar\/home\/wp-json\/wp\/v2\/product"}],"about":[{"href":"https:\/\/limamarket.com.ar\/home\/wp-json\/wp\/v2\/types\/product"}],"wp:featuredmedia":[{"embeddable":true,"href":"https:\/\/limamarket.com.ar\/home\/wp-json\/wp\/v2\/media\/4644"}],"wp:attachment":[{"href":"https:\/\/limamarket.com.ar\/home\/wp-json\/wp\/v2\/media?parent=4643"}],"wp:term":[{"taxonomy":"product_cat","embeddable":true,"href":"https:\/\/limamarket.com.ar\/home\/wp-json\/wp\/v2\/product_cat?post=4643"},{"taxonomy":"product_tag","embeddable":true,"href":"https:\/\/limamarket.com.ar\/home\/wp-json\/wp\/v2\/product_tag?post=4643"}],"curies":[{"name":"wp","href":"https:\/\/api.w.org\/{rel}","templated":true}]}}