{"id":4615,"date":"2024-05-03T15:23:00","date_gmt":"2024-05-03T15:23:00","guid":{"rendered":"https:\/\/limamarket.com.ar\/home\/?post_type=product&#038;p=4615"},"modified":"2025-08-14T20:16:03","modified_gmt":"2025-08-14T20:16:03","slug":"cuchara-cierra-bolsa-para-comida-de-mascotas","status":"publish","type":"product","link":"https:\/\/limamarket.com.ar\/home\/producto\/cuchara-cierra-bolsa-para-comida-de-mascotas\/","title":{"rendered":"CUCHARA CIERRA BOLSA PARA COMIDA DE MASCOTAS"},"content":{"rendered":"<div class=\"expand-collapse-header flex justify-between items-center w-100\">\n<h3 class=\"w-100 ma0 pa3 f5 lh-copy normal\" aria-hidden=\"false\">Detalles del art\u00edculo<\/h3>\n<div class=\"pr3\"><\/div>\n<\/div>\n<div class=\"w_zz0G expand-collapse-content\" data-testid=\"ui-collapse-panel\">\n<div class=\"ph3 pb4 pt1\">\n<div class=\"nb3\" data-testid=\"product-description-content\">\n<div class=\"mb3\">\n<div class=\"dangerous-html mb3\">\n<ul>\n<li>Producto de importaci\u00f3n<\/li>\n<li>Clip de bolsa de sellado de cuchara de alimentaci\u00f3n de pl\u00e1stico<\/li>\n<li>Cuchara medidora de comida seca para perros y gatos<\/li>\n<\/ul>\n<\/div>\n<\/div>\n<div class=\"mb3\">\n<div class=\"dangerous-html mb3\">\n<div>\n<ul>\n<li>Descripci\u00f3n:<\/li>\n<li>Fabricado con materiales pl\u00e1sticos ABS de calidad, resistentes y duraderos.<\/li>\n<li>de la de comida para mascotas se puede utilizar como clip de sellado para bolsas de comida para mascotas o bolsas de comida para mascotas.<\/li>\n<li>Tama\u00f1o: 20x8x4cm \/ 7.87&#215;3.15&#215;1.57 pulgadas.<\/li>\n<li>Dise\u00f1o ergon\u00f3mico curvo, sensaci\u00f3n c\u00f3moda, f\u00e1cil de limpiar.<\/li>\n<li>Apto para todos , perros, mascotas.<\/li>\n<\/ul>\n<\/div>\n<\/div>\n<\/div>\n<\/div>\n<\/div>\n<\/div>\n","protected":false},"excerpt":{"rendered":"<p>Detalles del art\u00edculo Producto de importaci\u00f3n Clip de bolsa de sellado de cuchara de alimentaci\u00f3n de pl\u00e1stico Cuchara medidora de comida seca para perros y gatos Descripci\u00f3n: Fabricado con materiales pl\u00e1sticos ABS de calidad, resistentes y duraderos. de la de comida para mascotas se puede utilizar como clip de sellado para bolsas de comida para [&#8230;]\n","protected":false},"featured_media":4616,"template":"","meta":{"_joinchat":[]},"product_cat":[956,1106],"product_tag":[1054],"_links":{"self":[{"href":"https:\/\/limamarket.com.ar\/home\/wp-json\/wp\/v2\/product\/4615"}],"collection":[{"href":"https:\/\/limamarket.com.ar\/home\/wp-json\/wp\/v2\/product"}],"about":[{"href":"https:\/\/limamarket.com.ar\/home\/wp-json\/wp\/v2\/types\/product"}],"wp:featuredmedia":[{"embeddable":true,"href":"https:\/\/limamarket.com.ar\/home\/wp-json\/wp\/v2\/media\/4616"}],"wp:attachment":[{"href":"https:\/\/limamarket.com.ar\/home\/wp-json\/wp\/v2\/media?parent=4615"}],"wp:term":[{"taxonomy":"product_cat","embeddable":true,"href":"https:\/\/limamarket.com.ar\/home\/wp-json\/wp\/v2\/product_cat?post=4615"},{"taxonomy":"product_tag","embeddable":true,"href":"https:\/\/limamarket.com.ar\/home\/wp-json\/wp\/v2\/product_tag?post=4615"}],"curies":[{"name":"wp","href":"https:\/\/api.w.org\/{rel}","templated":true}]}}