{"id":4600,"date":"2024-04-30T20:49:07","date_gmt":"2024-04-30T20:49:07","guid":{"rendered":"https:\/\/limamarket.com.ar\/home\/?post_type=product&#038;p=4600"},"modified":"2024-11-22T21:25:30","modified_gmt":"2024-11-22T21:25:30","slug":"difusor-de-fragancia-linea-ambar-bosque-de-medianoche-x-250-ml","status":"publish","type":"product","link":"https:\/\/limamarket.com.ar\/home\/producto\/difusor-de-fragancia-linea-ambar-bosque-de-medianoche-x-250-ml\/","title":{"rendered":"Difusor de Fragancia L\u00ednea \u00c1mbar Bosque de Medianoche x 250 ml"},"content":{"rendered":"<div class=\"product attribute overview\">\n<div class=\"value\">Este producto es un difusor de aroma para ambientes especialmente para ser usado con varillas de bamb\u00fa incluidas.<\/div>\n<\/div>\n<div class=\"product attribute description\">\n<div class=\"value\">Este producto se usa puro sin diluir. Se debe quitar la tapa del envase, quitar el inserto para que la tapa quede con el orificio abierto, colocar la tapa y luego todas las varillas por el agujero, remojar las varillas en el l\u00edquido y luego de 30 minutos minutos girar las varillas. El l\u00edquido comenzar\u00e1 a difundir su aroma en el ambiente, repetir el proceso de girar las varillas cada una semana. PRECAUCIONES: Mantener alejado del fuego, mantener alejado de ni\u00f1os y mascotas.<\/div>\n<\/div>\n","protected":false},"excerpt":{"rendered":"<p>Este producto es un difusor de aroma para ambientes especialmente para ser usado con varillas de bamb\u00fa incluidas. Este producto se usa puro sin diluir. Se debe quitar la tapa del envase, quitar el inserto para que la tapa quede con el orificio abierto, colocar la tapa y luego todas las varillas por el agujero, [&#8230;]\n","protected":false},"featured_media":4601,"template":"","meta":{"_joinchat":[]},"product_cat":[621,1109],"product_tag":[1050],"_links":{"self":[{"href":"https:\/\/limamarket.com.ar\/home\/wp-json\/wp\/v2\/product\/4600"}],"collection":[{"href":"https:\/\/limamarket.com.ar\/home\/wp-json\/wp\/v2\/product"}],"about":[{"href":"https:\/\/limamarket.com.ar\/home\/wp-json\/wp\/v2\/types\/product"}],"wp:featuredmedia":[{"embeddable":true,"href":"https:\/\/limamarket.com.ar\/home\/wp-json\/wp\/v2\/media\/4601"}],"wp:attachment":[{"href":"https:\/\/limamarket.com.ar\/home\/wp-json\/wp\/v2\/media?parent=4600"}],"wp:term":[{"taxonomy":"product_cat","embeddable":true,"href":"https:\/\/limamarket.com.ar\/home\/wp-json\/wp\/v2\/product_cat?post=4600"},{"taxonomy":"product_tag","embeddable":true,"href":"https:\/\/limamarket.com.ar\/home\/wp-json\/wp\/v2\/product_tag?post=4600"}],"curies":[{"name":"wp","href":"https:\/\/api.w.org\/{rel}","templated":true}]}}