{"id":4558,"date":"2024-04-29T17:48:10","date_gmt":"2024-04-29T17:48:10","guid":{"rendered":"https:\/\/limamarket.com.ar\/home\/?post_type=product&#038;p=4558"},"modified":"2025-03-28T16:56:57","modified_gmt":"2025-03-28T16:56:57","slug":"jabon-linea-ambar-peonias-x-250-ml","status":"publish","type":"product","link":"https:\/\/limamarket.com.ar\/home\/producto\/jabon-linea-ambar-peonias-x-250-ml\/","title":{"rendered":"Jab\u00f3n L\u00ednea \u00c1mbar Peonias x 250 ml"},"content":{"rendered":"<div class=\"product attribute overview\">\n<div class=\"value\">Jab\u00f3n para manos y cuerpo con agradable textura cremosa y perfumada. Pod\u00e9s elegir entre varias fragancias modernas.<\/div>\n<\/div>\n<div class=\"product attribute description\">\n<div class=\"value\">Colocar en una esponja o en las manos y hacer espuma.Recomendamos usar un dispensador o Jabonera. Enjuagar<\/div>\n<\/div>\n","protected":false},"excerpt":{"rendered":"<p>Jab\u00f3n para manos y cuerpo con agradable textura cremosa y perfumada. Pod\u00e9s elegir entre varias fragancias modernas. Colocar en una esponja o en las manos y hacer espuma.Recomendamos usar un dispensador o Jabonera. Enjuagar<\/p>\n","protected":false},"featured_media":4560,"template":"","meta":{"_joinchat":[]},"product_cat":[63,33],"product_tag":[1043],"_links":{"self":[{"href":"https:\/\/limamarket.com.ar\/home\/wp-json\/wp\/v2\/product\/4558"}],"collection":[{"href":"https:\/\/limamarket.com.ar\/home\/wp-json\/wp\/v2\/product"}],"about":[{"href":"https:\/\/limamarket.com.ar\/home\/wp-json\/wp\/v2\/types\/product"}],"wp:featuredmedia":[{"embeddable":true,"href":"https:\/\/limamarket.com.ar\/home\/wp-json\/wp\/v2\/media\/4560"}],"wp:attachment":[{"href":"https:\/\/limamarket.com.ar\/home\/wp-json\/wp\/v2\/media?parent=4558"}],"wp:term":[{"taxonomy":"product_cat","embeddable":true,"href":"https:\/\/limamarket.com.ar\/home\/wp-json\/wp\/v2\/product_cat?post=4558"},{"taxonomy":"product_tag","embeddable":true,"href":"https:\/\/limamarket.com.ar\/home\/wp-json\/wp\/v2\/product_tag?post=4558"}],"curies":[{"name":"wp","href":"https:\/\/api.w.org\/{rel}","templated":true}]}}