{"id":4556,"date":"2024-04-29T17:46:39","date_gmt":"2024-04-29T17:46:39","guid":{"rendered":"https:\/\/limamarket.com.ar\/home\/?post_type=product&#038;p=4556"},"modified":"2024-12-14T20:19:04","modified_gmt":"2024-12-14T20:19:04","slug":"jabon-linea-ambar-albahaca-verbena-x-250-ml","status":"publish","type":"product","link":"https:\/\/limamarket.com.ar\/home\/producto\/jabon-linea-ambar-albahaca-verbena-x-250-ml\/","title":{"rendered":"Jab\u00f3n L\u00ednea \u00c1mbar Albahaca Verbena x 250 ml"},"content":{"rendered":"<div class=\"product attribute overview\">\n<div class=\"value\">Jab\u00f3n para manos y cuerpo con agradable textura cremosa y perfumada. Pod\u00e9s elegir entre varias fragancias modernas.<\/div>\n<\/div>\n<div class=\"product attribute description\">\n<div class=\"value\">Colocar en una esponja o en las manos y hacer espuma.Recomendamos usar un dispensador o Jabonera. Enjuagar<\/div>\n<\/div>\n","protected":false},"excerpt":{"rendered":"<p>Jab\u00f3n para manos y cuerpo con agradable textura cremosa y perfumada. Pod\u00e9s elegir entre varias fragancias modernas. Colocar en una esponja o en las manos y hacer espuma.Recomendamos usar un dispensador o Jabonera. Enjuagar<\/p>\n","protected":false},"featured_media":4557,"template":"","meta":{"_joinchat":[]},"product_cat":[63,33],"product_tag":[1042],"_links":{"self":[{"href":"https:\/\/limamarket.com.ar\/home\/wp-json\/wp\/v2\/product\/4556"}],"collection":[{"href":"https:\/\/limamarket.com.ar\/home\/wp-json\/wp\/v2\/product"}],"about":[{"href":"https:\/\/limamarket.com.ar\/home\/wp-json\/wp\/v2\/types\/product"}],"wp:featuredmedia":[{"embeddable":true,"href":"https:\/\/limamarket.com.ar\/home\/wp-json\/wp\/v2\/media\/4557"}],"wp:attachment":[{"href":"https:\/\/limamarket.com.ar\/home\/wp-json\/wp\/v2\/media?parent=4556"}],"wp:term":[{"taxonomy":"product_cat","embeddable":true,"href":"https:\/\/limamarket.com.ar\/home\/wp-json\/wp\/v2\/product_cat?post=4556"},{"taxonomy":"product_tag","embeddable":true,"href":"https:\/\/limamarket.com.ar\/home\/wp-json\/wp\/v2\/product_tag?post=4556"}],"curies":[{"name":"wp","href":"https:\/\/api.w.org\/{rel}","templated":true}]}}