{"id":4533,"date":"2024-04-23T15:33:48","date_gmt":"2024-04-23T15:33:48","guid":{"rendered":"https:\/\/limamarket.com.ar\/home\/?post_type=product&#038;p=4533"},"modified":"2024-11-08T21:09:43","modified_gmt":"2024-11-08T21:09:43","slug":"quitaesmalte-con-keratina-100ml","status":"publish","type":"product","link":"https:\/\/limamarket.com.ar\/home\/producto\/quitaesmalte-con-keratina-100ml\/","title":{"rendered":"Quitaesmalte con keratina 100ml"},"content":{"rendered":"<p>Quita el esmalte en forma efectiva, protegiendo las u\u00f1as con su f\u00f3rmula fortalecedora y humectante<br \/>\n&#8211; Con Keratina: brinda una mayor protecci\u00f3n contra los agentes externos. Ideal para u\u00f1as lastimadas y mayor exposici\u00f3n a agentes abrasivos.<\/p>\n<p>Gracias a su frasco dosificador permite un mejor uso del quitaesmalte, logrando disminuir el derrame en caso de vuelco y evita que el contenido se evapore.<\/p>\n<p>No causan manchas blancas en las u\u00f1as.<\/p>\n<p>Sin acetona &#8211; Instant\u00e1neo<\/p>\n","protected":false},"excerpt":{"rendered":"<p>Quita el esmalte en forma efectiva, protegiendo las u\u00f1as con su f\u00f3rmula fortalecedora y humectante &#8211; Con Keratina: brinda una mayor protecci\u00f3n contra los agentes externos. Ideal para u\u00f1as lastimadas y mayor exposici\u00f3n a agentes abrasivos. Gracias a su frasco dosificador permite un mejor uso del quitaesmalte, logrando disminuir el derrame en caso de vuelco [&#8230;]\n","protected":false},"featured_media":4534,"template":"","meta":{"_joinchat":[]},"product_cat":[62,33],"product_tag":[1035],"_links":{"self":[{"href":"https:\/\/limamarket.com.ar\/home\/wp-json\/wp\/v2\/product\/4533"}],"collection":[{"href":"https:\/\/limamarket.com.ar\/home\/wp-json\/wp\/v2\/product"}],"about":[{"href":"https:\/\/limamarket.com.ar\/home\/wp-json\/wp\/v2\/types\/product"}],"wp:featuredmedia":[{"embeddable":true,"href":"https:\/\/limamarket.com.ar\/home\/wp-json\/wp\/v2\/media\/4534"}],"wp:attachment":[{"href":"https:\/\/limamarket.com.ar\/home\/wp-json\/wp\/v2\/media?parent=4533"}],"wp:term":[{"taxonomy":"product_cat","embeddable":true,"href":"https:\/\/limamarket.com.ar\/home\/wp-json\/wp\/v2\/product_cat?post=4533"},{"taxonomy":"product_tag","embeddable":true,"href":"https:\/\/limamarket.com.ar\/home\/wp-json\/wp\/v2\/product_tag?post=4533"}],"curies":[{"name":"wp","href":"https:\/\/api.w.org\/{rel}","templated":true}]}}