{"id":4516,"date":"2024-04-22T14:06:31","date_gmt":"2024-04-22T14:06:31","guid":{"rendered":"https:\/\/limamarket.com.ar\/home\/?post_type=product&#038;p=4516"},"modified":"2025-11-06T20:27:27","modified_gmt":"2025-11-06T20:27:27","slug":"sales-lavavajilla-regeneradoras-x-1-kgs","status":"publish","type":"product","link":"https:\/\/limamarket.com.ar\/home\/producto\/sales-lavavajilla-regeneradoras-x-1-kgs\/","title":{"rendered":"Sales Lavavajilla regeneradoras x 1 kgs"},"content":{"rendered":"<div class=\"product attribute overview\">\n<div class=\"value\">Sales para m\u00e1quinas de lavado de vajilla autom\u00e1ticas. Estas sales de forma eficaz potencian el lavado del detergente, evitando as\u00ed manchas y marcas de agua en tu vajilla y utensilios.<\/div>\n<div>Modo de uso:<\/div>\n<\/div>\n<div class=\"product attribute description\">\n<div class=\"value\">Colocar la cantidad de sales que indique o admita el recipiente indicado en la m\u00e1quina.<\/div>\n<\/div>\n","protected":false},"excerpt":{"rendered":"<p>Sales para m\u00e1quinas de lavado de vajilla autom\u00e1ticas. Estas sales de forma eficaz potencian el lavado del detergente, evitando as\u00ed manchas y marcas de agua en tu vajilla y utensilios. Modo de uso: Colocar la cantidad de sales que indique o admita el recipiente indicado en la m\u00e1quina.<\/p>\n","protected":false},"featured_media":4517,"template":"","meta":{"_joinchat":[]},"product_cat":[377,26],"product_tag":[1028],"_links":{"self":[{"href":"https:\/\/limamarket.com.ar\/home\/wp-json\/wp\/v2\/product\/4516"}],"collection":[{"href":"https:\/\/limamarket.com.ar\/home\/wp-json\/wp\/v2\/product"}],"about":[{"href":"https:\/\/limamarket.com.ar\/home\/wp-json\/wp\/v2\/types\/product"}],"wp:featuredmedia":[{"embeddable":true,"href":"https:\/\/limamarket.com.ar\/home\/wp-json\/wp\/v2\/media\/4517"}],"wp:attachment":[{"href":"https:\/\/limamarket.com.ar\/home\/wp-json\/wp\/v2\/media?parent=4516"}],"wp:term":[{"taxonomy":"product_cat","embeddable":true,"href":"https:\/\/limamarket.com.ar\/home\/wp-json\/wp\/v2\/product_cat?post=4516"},{"taxonomy":"product_tag","embeddable":true,"href":"https:\/\/limamarket.com.ar\/home\/wp-json\/wp\/v2\/product_tag?post=4516"}],"curies":[{"name":"wp","href":"https:\/\/api.w.org\/{rel}","templated":true}]}}