{"id":4456,"date":"2023-12-16T18:48:16","date_gmt":"2023-12-16T18:48:16","guid":{"rendered":"https:\/\/limamarket.com.ar\/home\/?post_type=product&#038;p=4456"},"modified":"2026-04-27T17:16:08","modified_gmt":"2026-04-27T17:16:08","slug":"jabon-liquido-para-ropa-x-5-litros-vetigrass","status":"publish","type":"product","link":"https:\/\/limamarket.com.ar\/home\/producto\/jabon-liquido-para-ropa-x-5-litros-vetigrass\/","title":{"rendered":"Jab\u00f3n l\u00edquido para ropa Delec violeta x 5 litros"},"content":{"rendered":"<p>La f\u00f3rmula es muy efectiva quitando manchas y suciedad diaria de las ropas o telas, mantiene los colores brillantes y los blancos a\u00fan m\u00e1s blancos.<\/p>\n<p>Tiene un excelente balance costo beneficio.<\/p>\n<p>Es muy efectivo a\u00fan en agua fria.<\/p>\n<p>En lavarropas deben usarse 100 ml por carga de 5 kilos.<\/p>\n<h4>\u00bfQu\u00e9 es?<\/h4>\n<p>Detergente para lavado de ropa en lavarropas autom\u00e1ticos. La f\u00f3rmula es muy efectiva, quita manchas y suciedad de las ropas o telas, mantiene los colores brillantes y los blancos a\u00fan m\u00e1s blancos. Sus blanqueadores espec\u00edficos para telas de algod\u00f3n y sint\u00e9ticas como nylon y poli\u00e9ster hacen que la ropa interior y deportiva quede con blancura brillante y duradera. Posee un exquisito perfume floral que otorga una fragancia duradera. Otorga un excelente balance costo beneficio. Sus agentes antiredepositantes evitan el engrisado de las telas. Es muy efectivo a\u00fan en agua fria.<\/p>\n<h4>\u00bfC\u00f3mo se usa?<\/h4>\n<p>En lavarropas deben usarse 100 ml por carga de 5 kilos de ropa, se puede usar el producto como preavado sobre las manchas. Puede agregarse a la gabeta del lavarropas o bien en una bocha en el tambor. Puede utilizarse en prelavado, aplicando sobre la mancha para colocar luego en lavarropas o bien colocando 10ml en balde con agua y dejar en remojo. En lavarropas deben usarse 100 ml por carga de 5 kilos.<\/p>\n<p>Imagen ilustrativa.<\/p>\n","protected":false},"excerpt":{"rendered":"<p>La f\u00f3rmula es muy efectiva quitando manchas y suciedad diaria de las ropas o telas, mantiene los colores brillantes y los blancos a\u00fan m\u00e1s blancos. Tiene un excelente balance costo beneficio. Es muy efectivo a\u00fan en agua fria. En lavarropas deben usarse 100 ml por carga de 5 kilos. \u00bfQu\u00e9 es? Detergente para lavado de [&#8230;]\n","protected":false},"featured_media":5408,"template":"","meta":{"_joinchat":[]},"product_cat":[16,17],"product_tag":[1269,1013],"_links":{"self":[{"href":"https:\/\/limamarket.com.ar\/home\/wp-json\/wp\/v2\/product\/4456"}],"collection":[{"href":"https:\/\/limamarket.com.ar\/home\/wp-json\/wp\/v2\/product"}],"about":[{"href":"https:\/\/limamarket.com.ar\/home\/wp-json\/wp\/v2\/types\/product"}],"wp:featuredmedia":[{"embeddable":true,"href":"https:\/\/limamarket.com.ar\/home\/wp-json\/wp\/v2\/media\/5408"}],"wp:attachment":[{"href":"https:\/\/limamarket.com.ar\/home\/wp-json\/wp\/v2\/media?parent=4456"}],"wp:term":[{"taxonomy":"product_cat","embeddable":true,"href":"https:\/\/limamarket.com.ar\/home\/wp-json\/wp\/v2\/product_cat?post=4456"},{"taxonomy":"product_tag","embeddable":true,"href":"https:\/\/limamarket.com.ar\/home\/wp-json\/wp\/v2\/product_tag?post=4456"}],"curies":[{"name":"wp","href":"https:\/\/api.w.org\/{rel}","templated":true}]}}