{"id":4402,"date":"2023-10-27T17:14:58","date_gmt":"2023-10-27T17:14:58","guid":{"rendered":"https:\/\/limamarket.com.ar\/home\/?post_type=product&#038;p=4402"},"modified":"2024-12-02T20:12:31","modified_gmt":"2024-12-02T20:12:31","slug":"velon-7-d-iluminarte-7-colores","status":"publish","type":"product","link":"https:\/\/limamarket.com.ar\/home\/producto\/velon-7-d-iluminarte-7-colores\/","title":{"rendered":"Velon 7 D Iluminarte 7 colores"},"content":{"rendered":"<p>Velon 7 D Iluminarte 7 colores<\/p>\n<p>Dise\u00f1o moderno y vers\u00e1til. alt 16,5cm, di\u00e1.55mm<\/p>\n","protected":false},"excerpt":{"rendered":"<p>Velon 7 D Iluminarte 7 colores Dise\u00f1o moderno y vers\u00e1til. alt 16,5cm, di\u00e1.55mm<\/p>\n","protected":false},"featured_media":4403,"template":"","meta":{"_joinchat":[]},"product_cat":[621,1108],"product_tag":[988],"_links":{"self":[{"href":"https:\/\/limamarket.com.ar\/home\/wp-json\/wp\/v2\/product\/4402"}],"collection":[{"href":"https:\/\/limamarket.com.ar\/home\/wp-json\/wp\/v2\/product"}],"about":[{"href":"https:\/\/limamarket.com.ar\/home\/wp-json\/wp\/v2\/types\/product"}],"wp:featuredmedia":[{"embeddable":true,"href":"https:\/\/limamarket.com.ar\/home\/wp-json\/wp\/v2\/media\/4403"}],"wp:attachment":[{"href":"https:\/\/limamarket.com.ar\/home\/wp-json\/wp\/v2\/media?parent=4402"}],"wp:term":[{"taxonomy":"product_cat","embeddable":true,"href":"https:\/\/limamarket.com.ar\/home\/wp-json\/wp\/v2\/product_cat?post=4402"},{"taxonomy":"product_tag","embeddable":true,"href":"https:\/\/limamarket.com.ar\/home\/wp-json\/wp\/v2\/product_tag?post=4402"}],"curies":[{"name":"wp","href":"https:\/\/api.w.org\/{rel}","templated":true}]}}