{"id":4371,"date":"2023-09-19T17:22:29","date_gmt":"2023-09-19T17:22:29","guid":{"rendered":"https:\/\/limamarket.com.ar\/home\/?post_type=product&#038;p=4371"},"modified":"2024-11-16T15:01:04","modified_gmt":"2024-11-16T15:01:04","slug":"delec-2-jabon-liquido-para-ropa-x-2-litros","status":"publish","type":"product","link":"https:\/\/limamarket.com.ar\/home\/producto\/delec-2-jabon-liquido-para-ropa-x-2-litros\/","title":{"rendered":"DELEC 2 Jab\u00f3n l\u00edquido para ropa x 2 litros"},"content":{"rendered":"<h2 class=\"detail-title h2\">DELEC 2 Jab\u00f3n l\u00edquido para ropa x 2 litros<\/h2>\n<p>La f\u00f3rmula del DELEC 2 es muy efectiva quitando manchas y suciedad diaria de las ropas o telas, mantiene los colores brillantes y los blancos a\u00fan m\u00e1s blancos.<\/p>\n<p>Sus blanqueadores espec\u00edficos para telas de algod\u00f3n y sint\u00e9ticas como nylon \u00a0y poli\u00e9ster hacen q<\/p>\n<h4>\u00bfQu\u00e9 es?<\/h4>\n<p>Detergente para lavado de ropa en lavarropas autom\u00e1ticos. La f\u00f3rmula del DELEC2 es muy efectiva, quita manchas y suciedad de las ropas o telas, mantiene los colores brillantes y los blancos a\u00fan m\u00e1s blancos. Sus blanqueadores espec\u00edficos para telas de algo<\/p>\n<h4>\u00bfC\u00f3mo se usa?<\/h4>\n<p>En lavarropas deben usarse 100 ml por carga de 5 kilos de ropa, se puede usar el producto como prelavado sobre las manchas. Puede agregarse a la gabeta del lavarropas o bien en una bocha en el tambor. Puede utilizarse en prelavado, aplicando sobre la mancha.<\/p>\n","protected":false},"excerpt":{"rendered":"<p>DELEC 2 Jab\u00f3n l\u00edquido para ropa x 2 litros La f\u00f3rmula del DELEC 2 es muy efectiva quitando manchas y suciedad diaria de las ropas o telas, mantiene los colores brillantes y los blancos a\u00fan m\u00e1s blancos. Sus blanqueadores espec\u00edficos para telas de algod\u00f3n y sint\u00e9ticas como nylon \u00a0y poli\u00e9ster hacen q \u00bfQu\u00e9 es? Detergente [&#8230;]\n","protected":false},"featured_media":4372,"template":"","meta":{"_joinchat":[]},"product_cat":[16,17],"product_tag":[984],"_links":{"self":[{"href":"https:\/\/limamarket.com.ar\/home\/wp-json\/wp\/v2\/product\/4371"}],"collection":[{"href":"https:\/\/limamarket.com.ar\/home\/wp-json\/wp\/v2\/product"}],"about":[{"href":"https:\/\/limamarket.com.ar\/home\/wp-json\/wp\/v2\/types\/product"}],"wp:featuredmedia":[{"embeddable":true,"href":"https:\/\/limamarket.com.ar\/home\/wp-json\/wp\/v2\/media\/4372"}],"wp:attachment":[{"href":"https:\/\/limamarket.com.ar\/home\/wp-json\/wp\/v2\/media?parent=4371"}],"wp:term":[{"taxonomy":"product_cat","embeddable":true,"href":"https:\/\/limamarket.com.ar\/home\/wp-json\/wp\/v2\/product_cat?post=4371"},{"taxonomy":"product_tag","embeddable":true,"href":"https:\/\/limamarket.com.ar\/home\/wp-json\/wp\/v2\/product_tag?post=4371"}],"curies":[{"name":"wp","href":"https:\/\/api.w.org\/{rel}","templated":true}]}}