{"id":436,"date":"2021-06-03T15:15:10","date_gmt":"2021-06-03T15:15:10","guid":{"rendered":"https:\/\/limamarket.com.ar\/home\/?post_type=product&#038;p=436"},"modified":"2026-05-16T15:45:02","modified_gmt":"2026-05-16T15:45:02","slug":"esponja-magica","status":"publish","type":"product","link":"https:\/\/limamarket.com.ar\/home\/producto\/esponja-magica\/","title":{"rendered":"Esponja m\u00e1gica"},"content":{"rendered":"<ul class=\"a-unordered-list a-vertical a-spacing-mini\">\n<li class=\"a-spacing-mini\"><span class=\"a-list-item\">Larga duraci\u00f3n: estos borradores de esponja m\u00e1gica son 2 veces m\u00e1s gruesos y m\u00e1s fuertes, se pueden utilizar durante mucho tiempo.Con espuma de melamina de alta calidad y una densidad incre\u00edble, nuestras esponjas de goma eliminan f\u00e1cilmente las rozaduras y la suciedad.<\/span><\/li>\n<li class=\"a-spacing-mini\"><span class=\"a-list-item\">F\u00e1cil de usar:\u00a0 Di no a los productos qu\u00edmicos abrasivos y corrosivos. Toma la alternativa de limpieza suave y eficaz. Simplemente humedece con agua, aprieta y limpia, entonces el producto que necesita limpiar quedar\u00e1 nuevo. Se puede cortar a cualquier forma para que esta esponja pueda ahorrar mucho dinero para ti.<\/span><\/li>\n<li class=\"a-spacing-mini\"><span class=\"a-list-item\">Recomendado por limpiadores profesionales<\/span><\/li>\n<li class=\"a-spacing-mini\"><span class=\"a-list-item\">Limpiador multiusos: nuestras esponjas \u00fanicas cortan sin esfuerzo la grasa, la espuma de jab\u00f3n y las marcas \u00abpermanentes\u00bb. \u00dasalo en tu cocina, ba\u00f1o, paredes, puertas, suelos, ducha, ba\u00f1era, ba\u00f1era, zapatos, autom\u00f3vil, inodoro, bacha y m\u00e1s.<\/span><\/li>\n<\/ul>\n","protected":false},"excerpt":{"rendered":"<p>Larga duraci\u00f3n: estos borradores de esponja m\u00e1gica son 2 veces m\u00e1s gruesos y m\u00e1s fuertes, se pueden utilizar durante mucho tiempo.Con espuma de melamina de alta calidad y una densidad incre\u00edble, nuestras esponjas de goma eliminan f\u00e1cilmente las rozaduras y la suciedad. F\u00e1cil de usar:\u00a0 Di no a los productos qu\u00edmicos abrasivos y corrosivos. Toma [&#8230;]\n","protected":false},"featured_media":5391,"template":"","meta":{"_joinchat":[]},"product_cat":[51,27],"product_tag":[124],"_links":{"self":[{"href":"https:\/\/limamarket.com.ar\/home\/wp-json\/wp\/v2\/product\/436"}],"collection":[{"href":"https:\/\/limamarket.com.ar\/home\/wp-json\/wp\/v2\/product"}],"about":[{"href":"https:\/\/limamarket.com.ar\/home\/wp-json\/wp\/v2\/types\/product"}],"wp:featuredmedia":[{"embeddable":true,"href":"https:\/\/limamarket.com.ar\/home\/wp-json\/wp\/v2\/media\/5391"}],"wp:attachment":[{"href":"https:\/\/limamarket.com.ar\/home\/wp-json\/wp\/v2\/media?parent=436"}],"wp:term":[{"taxonomy":"product_cat","embeddable":true,"href":"https:\/\/limamarket.com.ar\/home\/wp-json\/wp\/v2\/product_cat?post=436"},{"taxonomy":"product_tag","embeddable":true,"href":"https:\/\/limamarket.com.ar\/home\/wp-json\/wp\/v2\/product_tag?post=436"}],"curies":[{"name":"wp","href":"https:\/\/api.w.org\/{rel}","templated":true}]}}