{"id":4348,"date":"2023-08-26T19:34:58","date_gmt":"2023-08-26T19:34:58","guid":{"rendered":"https:\/\/limamarket.com.ar\/home\/?post_type=product&#038;p=4348"},"modified":"2026-03-14T18:22:03","modified_gmt":"2026-03-14T18:22:03","slug":"antigrasa-lavanda-x-1-litro","status":"publish","type":"product","link":"https:\/\/limamarket.com.ar\/home\/producto\/antigrasa-lavanda-x-1-litro\/","title":{"rendered":"Antigrasa Lavanda x 1 litro"},"content":{"rendered":"<p>El multiuso antigrasa es un limpiador multiproposito para todo tipo de superficies de ba\u00f1os, cocinas, etc.<\/p>\n<h4>\u00bfQu\u00e9 es?<\/h4>\n<p>Limpiador con acci\u00f3n desengrasante para todo tipo de superficies. Pisos y azulejos, ba\u00f1os y cocinas, ba\u00f1eras y enlozados.<\/p>\n<h4>\u00bfC\u00f3mo se usa?<\/h4>\n<p>Atomizar el con la ayuda de un pulverizador sobre las superfcies a limpiar, pasar con esponja o rejilla h\u00fameda, enjuagar. En caso de quedar suciedad repetir el proceso.<\/p>\n","protected":false},"excerpt":{"rendered":"<p>El multiuso antigrasa es un limpiador multiproposito para todo tipo de superficies de ba\u00f1os, cocinas, etc. \u00bfQu\u00e9 es? Limpiador con acci\u00f3n desengrasante para todo tipo de superficies. Pisos y azulejos, ba\u00f1os y cocinas, ba\u00f1eras y enlozados. \u00bfC\u00f3mo se usa? Atomizar el con la ayuda de un pulverizador sobre las superfcies a limpiar, pasar con esponja [&#8230;]\n","protected":false},"featured_media":4349,"template":"","meta":{"_joinchat":[]},"product_cat":[49,26],"product_tag":[979],"_links":{"self":[{"href":"https:\/\/limamarket.com.ar\/home\/wp-json\/wp\/v2\/product\/4348"}],"collection":[{"href":"https:\/\/limamarket.com.ar\/home\/wp-json\/wp\/v2\/product"}],"about":[{"href":"https:\/\/limamarket.com.ar\/home\/wp-json\/wp\/v2\/types\/product"}],"wp:featuredmedia":[{"embeddable":true,"href":"https:\/\/limamarket.com.ar\/home\/wp-json\/wp\/v2\/media\/4349"}],"wp:attachment":[{"href":"https:\/\/limamarket.com.ar\/home\/wp-json\/wp\/v2\/media?parent=4348"}],"wp:term":[{"taxonomy":"product_cat","embeddable":true,"href":"https:\/\/limamarket.com.ar\/home\/wp-json\/wp\/v2\/product_cat?post=4348"},{"taxonomy":"product_tag","embeddable":true,"href":"https:\/\/limamarket.com.ar\/home\/wp-json\/wp\/v2\/product_tag?post=4348"}],"curies":[{"name":"wp","href":"https:\/\/api.w.org\/{rel}","templated":true}]}}