{"id":434,"date":"2021-06-03T15:10:45","date_gmt":"2021-06-03T15:10:45","guid":{"rendered":"https:\/\/limamarket.com.ar\/home\/?post_type=product&#038;p=434"},"modified":"2023-10-19T18:30:01","modified_gmt":"2023-10-19T18:30:01","slug":"fibra-verde-multiuso","status":"publish","type":"product","link":"https:\/\/limamarket.com.ar\/home\/producto\/fibra-verde-multiuso\/","title":{"rendered":"Fibra verde multiuso"},"content":{"rendered":"<h3>Fibra<\/h3>\n<h4>\u00bfQu\u00e9 es?<\/h4>\n<p>Fibra abrasiva para lavado multiprop\u00f3sito.<\/p>\n<h3>Fibra verde es un pa\u00f1o de limpieza para el lavado de utensilios de cocina y superficies en general. Est\u00e1 hecho de fibras sint\u00e9ticas no tejidas.<\/h3>\n","protected":false},"excerpt":{"rendered":"<p>Fibra \u00bfQu\u00e9 es? Fibra abrasiva para lavado multiprop\u00f3sito. Fibra verde es un pa\u00f1o de limpieza para el lavado de utensilios de cocina y superficies en general. Est\u00e1 hecho de fibras sint\u00e9ticas no tejidas.<\/p>\n","protected":false},"featured_media":435,"template":"","meta":{"_joinchat":[]},"product_cat":[51,27],"product_tag":[123],"_links":{"self":[{"href":"https:\/\/limamarket.com.ar\/home\/wp-json\/wp\/v2\/product\/434"}],"collection":[{"href":"https:\/\/limamarket.com.ar\/home\/wp-json\/wp\/v2\/product"}],"about":[{"href":"https:\/\/limamarket.com.ar\/home\/wp-json\/wp\/v2\/types\/product"}],"wp:featuredmedia":[{"embeddable":true,"href":"https:\/\/limamarket.com.ar\/home\/wp-json\/wp\/v2\/media\/435"}],"wp:attachment":[{"href":"https:\/\/limamarket.com.ar\/home\/wp-json\/wp\/v2\/media?parent=434"}],"wp:term":[{"taxonomy":"product_cat","embeddable":true,"href":"https:\/\/limamarket.com.ar\/home\/wp-json\/wp\/v2\/product_cat?post=434"},{"taxonomy":"product_tag","embeddable":true,"href":"https:\/\/limamarket.com.ar\/home\/wp-json\/wp\/v2\/product_tag?post=434"}],"curies":[{"name":"wp","href":"https:\/\/api.w.org\/{rel}","templated":true}]}}