{"id":4338,"date":"2023-08-17T17:21:36","date_gmt":"2023-08-17T17:21:36","guid":{"rendered":"https:\/\/limamarket.com.ar\/home\/?post_type=product&#038;p=4338"},"modified":"2026-04-17T21:48:02","modified_gmt":"2026-04-17T21:48:02","slug":"barra-limpiadora-chau-sarro-60gr","status":"publish","type":"product","link":"https:\/\/limamarket.com.ar\/home\/producto\/barra-limpiadora-chau-sarro-60gr\/","title":{"rendered":"Barra limpiadora Chaw Sarro 60gr"},"content":{"rendered":"<p>Barra limpiadora Chaw Sarro 60 gr.<\/p>\n<div class=\"WaaZC\">\n<div class=\"RJPOee EIJn2\">\n<div class=\"rPeykc\" data-hveid=\"CAQQAQ\" data-ved=\"2ahUKEwiz-ILds6qMAxXWK7kGHaoJGFUQo_EKegQIBBAB\">\n<p><span data-huuid=\"13976778138528951471\">Chau sarro <mark class=\"QVRyCf\">es un producto para quitar el sarro de superficies enlozadas, como inodoros, lavatorios, ba\u00f1eras, azulejos, entre otros<\/mark>.\u00a0<\/span><span data-huuid=\"13976778138528948320\">Se aplica frotando la barra sobre el sarro con agua.<span class=\"pjBG2e\" data-cid=\"cf613573-0865-4ca0-b79a-c3e0a5dda936\"><span class=\"UV3uM\">\u00a0<\/span><\/span><\/span><\/p>\n<div class=\"NPrrbc\" data-cid=\"cf613573-0865-4ca0-b79a-c3e0a5dda936\" data-uuids=\"13976778138528951471,13976778138528948320\">\n<div class=\"BMebGe btku5b fCrZyc LwdV0e FR7ZSc OJeuxf\" tabindex=\"0\" role=\"button\" aria-label=\"Ver v\u00ednculos relacionados\" data-hveid=\"CAwQAQ\" data-ved=\"2ahUKEwiz-ILds6qMAxXWK7kGHaoJGFUQ3fYKegQIDBAB\">\n<div class=\"niO4u\">\n<div class=\"kHtcsd\"><\/div>\n<\/div>\n<\/div>\n<\/div>\n<\/div>\n<\/div>\n<\/div>\n<div class=\"WaaZC\">\n<div class=\"RJPOee EIJn2\">\n<div class=\"rPeykc\" data-hveid=\"CA0QAQ\" data-ved=\"2ahUKEwiz-ILds6qMAxXWK7kGHaoJGFUQo_EKegQIDRAB\">\n<p><span data-huuid=\"13976778138528950210\">Caracter\u00edsticas\u00a0<\/span><span data-huuid=\"10191043027942957302\">Est\u00e1 compuesto de minerales naturales, Es no t\u00f3xico, Es f\u00e1cil de usar, Es efectivo para eliminar el sarro de sanitarios, Es una alternativa a otros productos qu\u00edmicos o l\u00edquidos.<span class=\"pjBG2e\" data-cid=\"71eb40ff-b6b0-4a71-ad65-76e59848ee60\"><span class=\"UV3uM\">\u00a0<\/span><\/span><\/span><\/p>\n<div class=\"NPrrbc\" data-cid=\"71eb40ff-b6b0-4a71-ad65-76e59848ee60\" data-uuids=\"13976778138528950210,10191043027942957302\">\n<div class=\"BMebGe btku5b fCrZyc LwdV0e FR7ZSc OJeuxf\" tabindex=\"0\" role=\"button\" aria-label=\"Ver v\u00ednculos relacionados\" data-hveid=\"CAsQAQ\" data-ved=\"2ahUKEwiz-ILds6qMAxXWK7kGHaoJGFUQ3fYKegQICxAB\">\n<div class=\"niO4u\">\n<div class=\"kHtcsd\"><\/div>\n<\/div>\n<\/div>\n<\/div>\n<\/div>\n<\/div>\n<\/div>\n<div class=\"WaaZC\">\n<div class=\"RJPOee EIJn2\">\n<div class=\"rPeykc uP58nb\" data-hveid=\"CBEQAQ\" data-ved=\"2ahUKEwiz-ILds6qMAxXWK7kGHaoJGFUQo_EKegQIERAB\">\n<p><span data-huuid=\"17370747021238773666\"><span role=\"heading\" aria-level=\"2\">C\u00f3mo se usa<\/span><span class=\"pjBG2e\" data-cid=\"1dba91e8-4716-41a2-8ee1-08ebb7b1b68b\"><span class=\"UV3uM\">\u00a0<\/span><\/span><\/span><\/p>\n<div class=\"NPrrbc\" data-cid=\"1dba91e8-4716-41a2-8ee1-08ebb7b1b68b\" data-uuids=\"17370747021238773666,17370747021238775443,17370747021238773897\">\n<div class=\"BMebGe btku5b fCrZyc LwdV0e FR7ZSc OJeuxf\" tabindex=\"0\" role=\"button\" aria-label=\"Ver v\u00ednculos relacionados\" data-hveid=\"CBIQAQ\" data-ved=\"2ahUKEwiz-ILds6qMAxXWK7kGHaoJGFUQ3fYKegQIEhAB\">\n<div class=\"niO4u\">\n<div class=\"kHtcsd\"><\/div>\n<\/div>\n<\/div>\n<\/div>\n<\/div>\n<\/div>\n<\/div>\n<div class=\"WaaZC\">\n<div class=\"RJPOee EIJn2\">\n<ol data-hveid=\"CBUQAQ\" data-ved=\"2ahUKEwiz-ILds6qMAxXWK7kGHaoJGFUQnPYKegQIFRAB\">\n<li value=\"1\"><span data-huuid=\"17370747021238775443\">Frotar la barra sobre el sarro con agua<\/span><\/li>\n<li value=\"2\"><span data-huuid=\"17370747021238773897\">Quitar el sarro sin rayar<\/span><\/li>\n<\/ol>\n<\/div>\n<\/div>\n","protected":false},"excerpt":{"rendered":"<p>Barra limpiadora Chaw Sarro 60 gr. Chau sarro es un producto para quitar el sarro de superficies enlozadas, como inodoros, lavatorios, ba\u00f1eras, azulejos, entre otros.\u00a0Se aplica frotando la barra sobre el sarro con agua.\u00a0 Caracter\u00edsticas\u00a0Est\u00e1 compuesto de minerales naturales, Es no t\u00f3xico, Es f\u00e1cil de usar, Es efectivo para eliminar el sarro de sanitarios, Es [&#8230;]\n","protected":false},"featured_media":4339,"template":"","meta":{"_joinchat":[]},"product_cat":[49,250,26,30],"product_tag":[978,1303,1304],"_links":{"self":[{"href":"https:\/\/limamarket.com.ar\/home\/wp-json\/wp\/v2\/product\/4338"}],"collection":[{"href":"https:\/\/limamarket.com.ar\/home\/wp-json\/wp\/v2\/product"}],"about":[{"href":"https:\/\/limamarket.com.ar\/home\/wp-json\/wp\/v2\/types\/product"}],"wp:featuredmedia":[{"embeddable":true,"href":"https:\/\/limamarket.com.ar\/home\/wp-json\/wp\/v2\/media\/4339"}],"wp:attachment":[{"href":"https:\/\/limamarket.com.ar\/home\/wp-json\/wp\/v2\/media?parent=4338"}],"wp:term":[{"taxonomy":"product_cat","embeddable":true,"href":"https:\/\/limamarket.com.ar\/home\/wp-json\/wp\/v2\/product_cat?post=4338"},{"taxonomy":"product_tag","embeddable":true,"href":"https:\/\/limamarket.com.ar\/home\/wp-json\/wp\/v2\/product_tag?post=4338"}],"curies":[{"name":"wp","href":"https:\/\/api.w.org\/{rel}","templated":true}]}}