{"id":355,"date":"2021-06-02T22:52:00","date_gmt":"2021-06-02T22:52:00","guid":{"rendered":"https:\/\/limamarket.com.ar\/home\/?post_type=product&#038;p=355"},"modified":"2022-03-30T15:12:53","modified_gmt":"2022-03-30T15:12:53","slug":"pack-12-broches","status":"publish","type":"product","link":"https:\/\/limamarket.com.ar\/home\/producto\/pack-12-broches\/","title":{"rendered":"Pack 12 broches"},"content":{"rendered":"<p>Descripci\u00f3n<\/p>\n<p>Broches para la ropa, surtidos en colores.<\/p>\n<p>Informaci\u00f3n adicional<\/p>\n<p>Material: pl\u00e1stico<\/p>\n<p>Medidas: 8.5&#215;2 cm<\/p>\n<p>Color: Rosa, amarillo, negro, gris, azul, verde y rojo (surtidos)<\/p>\n<p>&nbsp;<\/p>\n","protected":false},"excerpt":{"rendered":"<p>Descripci\u00f3n Broches para la ropa, surtidos en colores. Informaci\u00f3n adicional Material: pl\u00e1stico Medidas: 8.5&#215;2 cm Color: Rosa, amarillo, negro, gris, azul, verde y rojo (surtidos) &nbsp;<\/p>\n","protected":false},"featured_media":356,"template":"","meta":{"_joinchat":[]},"product_cat":[16,25],"product_tag":[97],"_links":{"self":[{"href":"https:\/\/limamarket.com.ar\/home\/wp-json\/wp\/v2\/product\/355"}],"collection":[{"href":"https:\/\/limamarket.com.ar\/home\/wp-json\/wp\/v2\/product"}],"about":[{"href":"https:\/\/limamarket.com.ar\/home\/wp-json\/wp\/v2\/types\/product"}],"wp:featuredmedia":[{"embeddable":true,"href":"https:\/\/limamarket.com.ar\/home\/wp-json\/wp\/v2\/media\/356"}],"wp:attachment":[{"href":"https:\/\/limamarket.com.ar\/home\/wp-json\/wp\/v2\/media?parent=355"}],"wp:term":[{"taxonomy":"product_cat","embeddable":true,"href":"https:\/\/limamarket.com.ar\/home\/wp-json\/wp\/v2\/product_cat?post=355"},{"taxonomy":"product_tag","embeddable":true,"href":"https:\/\/limamarket.com.ar\/home\/wp-json\/wp\/v2\/product_tag?post=355"}],"curies":[{"name":"wp","href":"https:\/\/api.w.org\/{rel}","templated":true}]}}