{"id":339,"date":"2021-06-02T22:23:12","date_gmt":"2021-06-02T22:23:12","guid":{"rendered":"https:\/\/limamarket.com.ar\/home\/?post_type=product&#038;p=339"},"modified":"2025-08-25T18:32:21","modified_gmt":"2025-08-25T18:32:21","slug":"escurridor-bacha","status":"publish","type":"product","link":"https:\/\/limamarket.com.ar\/home\/producto\/escurridor-bacha\/","title":{"rendered":"Escurridor bacha"},"content":{"rendered":"<p>Descripci\u00f3n<\/p>\n<p>&nbsp;<\/p>\n<p>Escurridor bacha pl\u00e1stico pastel. Con manijas para apoyar.<\/p>\n<p>&nbsp;<\/p>\n<p>Informaci\u00f3n adicional<\/p>\n<p>Medidas 41&#215;21,5&#215;4,5 cm<\/p>\n<p>Color Rosa, celeste, verde agua y lila (seg\u00fan stock disponible)<\/p>\n","protected":false},"excerpt":{"rendered":"<p>Descripci\u00f3n &nbsp; Escurridor bacha pl\u00e1stico pastel. Con manijas para apoyar. &nbsp; Informaci\u00f3n adicional Medidas 41&#215;21,5&#215;4,5 cm Color Rosa, celeste, verde agua y lila (seg\u00fan stock disponible)<\/p>\n","protected":false},"featured_media":341,"template":"","meta":{"_joinchat":[]},"product_cat":[956,1106],"product_tag":[94],"_links":{"self":[{"href":"https:\/\/limamarket.com.ar\/home\/wp-json\/wp\/v2\/product\/339"}],"collection":[{"href":"https:\/\/limamarket.com.ar\/home\/wp-json\/wp\/v2\/product"}],"about":[{"href":"https:\/\/limamarket.com.ar\/home\/wp-json\/wp\/v2\/types\/product"}],"wp:featuredmedia":[{"embeddable":true,"href":"https:\/\/limamarket.com.ar\/home\/wp-json\/wp\/v2\/media\/341"}],"wp:attachment":[{"href":"https:\/\/limamarket.com.ar\/home\/wp-json\/wp\/v2\/media?parent=339"}],"wp:term":[{"taxonomy":"product_cat","embeddable":true,"href":"https:\/\/limamarket.com.ar\/home\/wp-json\/wp\/v2\/product_cat?post=339"},{"taxonomy":"product_tag","embeddable":true,"href":"https:\/\/limamarket.com.ar\/home\/wp-json\/wp\/v2\/product_tag?post=339"}],"curies":[{"name":"wp","href":"https:\/\/api.w.org\/{rel}","templated":true}]}}