{"id":3358,"date":"2022-04-14T22:03:32","date_gmt":"2022-04-14T22:03:32","guid":{"rendered":"https:\/\/limamarket.com.ar\/home\/?post_type=product&#038;p=3358"},"modified":"2025-09-10T15:14:05","modified_gmt":"2025-09-10T15:14:05","slug":"perfumante-limon-para-telas-y-ambientes-x-500ml","status":"publish","type":"product","link":"https:\/\/limamarket.com.ar\/home\/producto\/perfumante-limon-para-telas-y-ambientes-x-500ml\/","title":{"rendered":"Perfumante Lim\u00f3n para telas y ambientes x 500ml"},"content":{"rendered":"<p>Hace \u00fanicos tus espacios con estas fragancias! Pod\u00e9s combinar los perfumantes con aceites para hornitos y difusores para potenciar el aroma.<\/p>\n","protected":false},"excerpt":{"rendered":"<p>Hace \u00fanicos tus espacios con estas fragancias! Pod\u00e9s combinar los perfumantes con aceites para hornitos y difusores para potenciar el aroma.<\/p>\n","protected":false},"featured_media":3359,"template":"","meta":{"_joinchat":[]},"product_cat":[621,1144],"product_tag":[755],"_links":{"self":[{"href":"https:\/\/limamarket.com.ar\/home\/wp-json\/wp\/v2\/product\/3358"}],"collection":[{"href":"https:\/\/limamarket.com.ar\/home\/wp-json\/wp\/v2\/product"}],"about":[{"href":"https:\/\/limamarket.com.ar\/home\/wp-json\/wp\/v2\/types\/product"}],"wp:featuredmedia":[{"embeddable":true,"href":"https:\/\/limamarket.com.ar\/home\/wp-json\/wp\/v2\/media\/3359"}],"wp:attachment":[{"href":"https:\/\/limamarket.com.ar\/home\/wp-json\/wp\/v2\/media?parent=3358"}],"wp:term":[{"taxonomy":"product_cat","embeddable":true,"href":"https:\/\/limamarket.com.ar\/home\/wp-json\/wp\/v2\/product_cat?post=3358"},{"taxonomy":"product_tag","embeddable":true,"href":"https:\/\/limamarket.com.ar\/home\/wp-json\/wp\/v2\/product_tag?post=3358"}],"curies":[{"name":"wp","href":"https:\/\/api.w.org\/{rel}","templated":true}]}}