{"id":330,"date":"2021-06-02T22:06:32","date_gmt":"2021-06-02T22:06:32","guid":{"rendered":"https:\/\/limamarket.com.ar\/home\/?post_type=product&#038;p=330"},"modified":"2025-10-07T21:55:45","modified_gmt":"2025-10-07T21:55:45","slug":"tapon-manito","status":"publish","type":"product","link":"https:\/\/limamarket.com.ar\/home\/producto\/tapon-manito\/","title":{"rendered":"Tap\u00f3n Manito"},"content":{"rendered":"<p>Descripci\u00f3n<\/p>\n<p>Tap\u00f3n de ba\u00f1era o bacha manito de silicona , super efecto sellador. Color surtido.<\/p>\n<p>&nbsp;<\/p>\n<p>Informaci\u00f3n adicional<\/p>\n<p>&nbsp;<\/p>\n<p>Medidas 2,5 cm de di\u00e1metro el tap\u00f3n y 6 cm de di\u00e1metro<\/p>\n<p>&nbsp;<\/p>\n","protected":false},"excerpt":{"rendered":"<p>Descripci\u00f3n Tap\u00f3n de ba\u00f1era o bacha manito de silicona , super efecto sellador. Color surtido. &nbsp; Informaci\u00f3n adicional &nbsp; Medidas 2,5 cm de di\u00e1metro el tap\u00f3n y 6 cm de di\u00e1metro &nbsp;<\/p>\n","protected":false},"featured_media":331,"template":"","meta":{"_joinchat":[]},"product_cat":[956,1106],"product_tag":[92],"_links":{"self":[{"href":"https:\/\/limamarket.com.ar\/home\/wp-json\/wp\/v2\/product\/330"}],"collection":[{"href":"https:\/\/limamarket.com.ar\/home\/wp-json\/wp\/v2\/product"}],"about":[{"href":"https:\/\/limamarket.com.ar\/home\/wp-json\/wp\/v2\/types\/product"}],"wp:featuredmedia":[{"embeddable":true,"href":"https:\/\/limamarket.com.ar\/home\/wp-json\/wp\/v2\/media\/331"}],"wp:attachment":[{"href":"https:\/\/limamarket.com.ar\/home\/wp-json\/wp\/v2\/media?parent=330"}],"wp:term":[{"taxonomy":"product_cat","embeddable":true,"href":"https:\/\/limamarket.com.ar\/home\/wp-json\/wp\/v2\/product_cat?post=330"},{"taxonomy":"product_tag","embeddable":true,"href":"https:\/\/limamarket.com.ar\/home\/wp-json\/wp\/v2\/product_tag?post=330"}],"curies":[{"name":"wp","href":"https:\/\/api.w.org\/{rel}","templated":true}]}}