{"id":3242,"date":"2022-03-28T13:23:49","date_gmt":"2022-03-28T13:23:49","guid":{"rendered":"https:\/\/limamarket.com.ar\/home\/?post_type=product&#038;p=3242"},"modified":"2025-10-11T17:18:12","modified_gmt":"2025-10-11T17:18:12","slug":"desodorante-bactericida-wanam-x-5-litros","status":"publish","type":"product","link":"https:\/\/limamarket.com.ar\/home\/producto\/desodorante-bactericida-wanam-x-5-litros\/","title":{"rendered":"Desodorante Bactericida Wanam x 5 litros"},"content":{"rendered":"<p>Limpia, desinfecta y desengrasa todo tipo de superficies.<\/p>\n<p>Producto listo para usar.<\/p>\n<p>Se proporciona un chorrito en el balde para pasar con trapo en el suelo.<\/p>\n<h4>\u00bfQu\u00e9 es?<\/h4>\n<p>Desodorante limpiador con acci\u00f3n bactericida y desengrasante para todo tipo de superficies. Pisos y azulejos, ba\u00f1os y cocinas, ba\u00f1eras y enlozados.<\/p>\n<h4>\u00bfC\u00f3mo se usa?<\/h4>\n<p>El producto esta prediluido y la forma de uso es la siguiente: para pisos una taza en aproximadamente 5 litros de agua, pasar con un trapo. Tambi\u00e9n la diluci\u00f3n puede usarse pura en las superficies para limpiar para acci\u00f3n desinfectante.<\/p>\n","protected":false},"excerpt":{"rendered":"<p>Limpia, desinfecta y desengrasa todo tipo de superficies. Producto listo para usar. Se proporciona un chorrito en el balde para pasar con trapo en el suelo. \u00bfQu\u00e9 es? Desodorante limpiador con acci\u00f3n bactericida y desengrasante para todo tipo de superficies. Pisos y azulejos, ba\u00f1os y cocinas, ba\u00f1eras y enlozados. \u00bfC\u00f3mo se usa? El producto esta [&#8230;]\n","protected":false},"featured_media":3243,"template":"","meta":{"_joinchat":[]},"product_cat":[59,61,30],"product_tag":[721],"_links":{"self":[{"href":"https:\/\/limamarket.com.ar\/home\/wp-json\/wp\/v2\/product\/3242"}],"collection":[{"href":"https:\/\/limamarket.com.ar\/home\/wp-json\/wp\/v2\/product"}],"about":[{"href":"https:\/\/limamarket.com.ar\/home\/wp-json\/wp\/v2\/types\/product"}],"wp:featuredmedia":[{"embeddable":true,"href":"https:\/\/limamarket.com.ar\/home\/wp-json\/wp\/v2\/media\/3243"}],"wp:attachment":[{"href":"https:\/\/limamarket.com.ar\/home\/wp-json\/wp\/v2\/media?parent=3242"}],"wp:term":[{"taxonomy":"product_cat","embeddable":true,"href":"https:\/\/limamarket.com.ar\/home\/wp-json\/wp\/v2\/product_cat?post=3242"},{"taxonomy":"product_tag","embeddable":true,"href":"https:\/\/limamarket.com.ar\/home\/wp-json\/wp\/v2\/product_tag?post=3242"}],"curies":[{"name":"wp","href":"https:\/\/api.w.org\/{rel}","templated":true}]}}