{"id":3240,"date":"2022-03-28T13:14:42","date_gmt":"2022-03-28T13:14:42","guid":{"rendered":"https:\/\/limamarket.com.ar\/home\/?post_type=product&#038;p=3240"},"modified":"2025-07-15T15:27:53","modified_gmt":"2025-07-15T15:27:53","slug":"jabon-espuma-papaya-x-1-litro","status":"publish","type":"product","link":"https:\/\/limamarket.com.ar\/home\/producto\/jabon-espuma-papaya-x-1-litro\/","title":{"rendered":"Jab\u00f3n ESPUMA Papaya x 1 litro"},"content":{"rendered":"<p>Una l\u00ednea de vanguardia en jabones para manos y cuerpo! Gracias al dosificador este jab\u00f3n antibacterial sale en forma de espuma, facilitando su aplicaci\u00f3n y permitiendo un gran ahorro.<\/p>\n<p>Hay ocho ex\u00f3ticas fragancias y colores para elegir!<\/p>\n<h4>\u00bfQu\u00e9 es?<\/h4>\n<p>Una l\u00ednea de vanguardia en jabones para manos y cuerpo! Gracias al dosificador este jab\u00f3n antibacterial sale en forma de espuma, facilitando su aplicaci\u00f3n y permitiendo un gran ahorro. Hay ocho ex\u00f3ticas fragancias y colores para elegir!<\/p>\n<h4>\u00bfC\u00f3mo se usa?<\/h4>\n<p>Colocar en una esponja o en las manos, la espuma ya est\u00e1 lista. Este producto es para usar exclusivamente en un dispenser de espuma. Enjuagar<\/p>\n","protected":false},"excerpt":{"rendered":"<p>Una l\u00ednea de vanguardia en jabones para manos y cuerpo! Gracias al dosificador este jab\u00f3n antibacterial sale en forma de espuma, facilitando su aplicaci\u00f3n y permitiendo un gran ahorro. Hay ocho ex\u00f3ticas fragancias y colores para elegir! \u00bfQu\u00e9 es? Una l\u00ednea de vanguardia en jabones para manos y cuerpo! Gracias al dosificador este jab\u00f3n antibacterial [&#8230;]\n","protected":false},"featured_media":3241,"template":"","meta":{"_joinchat":[]},"product_cat":[63,33],"product_tag":[720],"_links":{"self":[{"href":"https:\/\/limamarket.com.ar\/home\/wp-json\/wp\/v2\/product\/3240"}],"collection":[{"href":"https:\/\/limamarket.com.ar\/home\/wp-json\/wp\/v2\/product"}],"about":[{"href":"https:\/\/limamarket.com.ar\/home\/wp-json\/wp\/v2\/types\/product"}],"wp:featuredmedia":[{"embeddable":true,"href":"https:\/\/limamarket.com.ar\/home\/wp-json\/wp\/v2\/media\/3241"}],"wp:attachment":[{"href":"https:\/\/limamarket.com.ar\/home\/wp-json\/wp\/v2\/media?parent=3240"}],"wp:term":[{"taxonomy":"product_cat","embeddable":true,"href":"https:\/\/limamarket.com.ar\/home\/wp-json\/wp\/v2\/product_cat?post=3240"},{"taxonomy":"product_tag","embeddable":true,"href":"https:\/\/limamarket.com.ar\/home\/wp-json\/wp\/v2\/product_tag?post=3240"}],"curies":[{"name":"wp","href":"https:\/\/api.w.org\/{rel}","templated":true}]}}