{"id":3210,"date":"2022-03-26T16:00:55","date_gmt":"2022-03-26T16:00:55","guid":{"rendered":"https:\/\/limamarket.com.ar\/home\/?post_type=product&#038;p=3210"},"modified":"2025-04-16T16:14:37","modified_gmt":"2025-04-16T16:14:37","slug":"limpiavidrios-x-500-ml-gatillo","status":"publish","type":"product","link":"https:\/\/limamarket.com.ar\/home\/producto\/limpiavidrios-x-500-ml-gatillo\/","title":{"rendered":"Limpiavidrios x 500 ml gatillo"},"content":{"rendered":"<p>El Multiuso con amon\u00edaco es un limpiador alcalino especialmente dise\u00f1ado para limpiar superficies vidriosas como enlozados, vidrios, porcelanatos y cer\u00e1micos.<\/p>\n<h4>\u00bfQu\u00e9 es?<\/h4>\n<p>Limpiador desengrasante especialmente formulado para limpieza de vidrios.<\/p>\n<h4>\u00bfC\u00f3mo se usa?<\/h4>\n<p>Rociar con la ayuda de un pulverizador sobre las superficies a limpiar. Pasar un trapo h\u00famedo o si es vidrio mejor con un papel limpio y seco.<\/p>\n","protected":false},"excerpt":{"rendered":"<p>El Multiuso con amon\u00edaco es un limpiador alcalino especialmente dise\u00f1ado para limpiar superficies vidriosas como enlozados, vidrios, porcelanatos y cer\u00e1micos. \u00bfQu\u00e9 es? Limpiador desengrasante especialmente formulado para limpieza de vidrios. \u00bfC\u00f3mo se usa? Rociar con la ayuda de un pulverizador sobre las superficies a limpiar. Pasar un trapo h\u00famedo o si es vidrio mejor con [&#8230;]\n","protected":false},"featured_media":3211,"template":"","meta":{"_joinchat":[]},"product_cat":[247,250,26,30],"product_tag":[712],"_links":{"self":[{"href":"https:\/\/limamarket.com.ar\/home\/wp-json\/wp\/v2\/product\/3210"}],"collection":[{"href":"https:\/\/limamarket.com.ar\/home\/wp-json\/wp\/v2\/product"}],"about":[{"href":"https:\/\/limamarket.com.ar\/home\/wp-json\/wp\/v2\/types\/product"}],"wp:featuredmedia":[{"embeddable":true,"href":"https:\/\/limamarket.com.ar\/home\/wp-json\/wp\/v2\/media\/3211"}],"wp:attachment":[{"href":"https:\/\/limamarket.com.ar\/home\/wp-json\/wp\/v2\/media?parent=3210"}],"wp:term":[{"taxonomy":"product_cat","embeddable":true,"href":"https:\/\/limamarket.com.ar\/home\/wp-json\/wp\/v2\/product_cat?post=3210"},{"taxonomy":"product_tag","embeddable":true,"href":"https:\/\/limamarket.com.ar\/home\/wp-json\/wp\/v2\/product_tag?post=3210"}],"curies":[{"name":"wp","href":"https:\/\/api.w.org\/{rel}","templated":true}]}}