{"id":320,"date":"2021-06-02T21:50:31","date_gmt":"2021-06-02T21:50:31","guid":{"rendered":"https:\/\/limamarket.com.ar\/home\/?post_type=product&#038;p=320"},"modified":"2022-06-07T14:54:28","modified_gmt":"2022-06-07T14:54:28","slug":"cepillo-virulana-con-mango","status":"publish","type":"product","link":"https:\/\/limamarket.com.ar\/home\/producto\/cepillo-virulana-con-mango\/","title":{"rendered":"Cepillo virulana con mango"},"content":{"rendered":"<p>Descripci\u00f3n<\/p>\n<p>Cepillo virulana con mango. Esponja de metal intercambiable.<\/p>\n<p>&nbsp;<\/p>\n<p>Informaci\u00f3n adicional<\/p>\n<p>Material: PLASTICO<\/p>\n<p>MEDIDAS: 23 cm<\/p>\n<p>COLOR: Azul, rosa y verde (seg\u00fan stock)<\/p>\n","protected":false},"excerpt":{"rendered":"<p>Descripci\u00f3n Cepillo virulana con mango. Esponja de metal intercambiable. &nbsp; Informaci\u00f3n adicional Material: PLASTICO MEDIDAS: 23 cm COLOR: Azul, rosa y verde (seg\u00fan stock)<\/p>\n","protected":false},"featured_media":321,"template":"","meta":{"_joinchat":[]},"product_cat":[51,25,27],"product_tag":[90],"_links":{"self":[{"href":"https:\/\/limamarket.com.ar\/home\/wp-json\/wp\/v2\/product\/320"}],"collection":[{"href":"https:\/\/limamarket.com.ar\/home\/wp-json\/wp\/v2\/product"}],"about":[{"href":"https:\/\/limamarket.com.ar\/home\/wp-json\/wp\/v2\/types\/product"}],"wp:featuredmedia":[{"embeddable":true,"href":"https:\/\/limamarket.com.ar\/home\/wp-json\/wp\/v2\/media\/321"}],"wp:attachment":[{"href":"https:\/\/limamarket.com.ar\/home\/wp-json\/wp\/v2\/media?parent=320"}],"wp:term":[{"taxonomy":"product_cat","embeddable":true,"href":"https:\/\/limamarket.com.ar\/home\/wp-json\/wp\/v2\/product_cat?post=320"},{"taxonomy":"product_tag","embeddable":true,"href":"https:\/\/limamarket.com.ar\/home\/wp-json\/wp\/v2\/product_tag?post=320"}],"curies":[{"name":"wp","href":"https:\/\/api.w.org\/{rel}","templated":true}]}}