{"id":3097,"date":"2022-03-22T18:27:57","date_gmt":"2022-03-22T18:27:57","guid":{"rendered":"https:\/\/limamarket.com.ar\/home\/?post_type=product&#038;p=3097"},"modified":"2025-07-15T16:31:54","modified_gmt":"2025-07-15T16:31:54","slug":"polvo-para-maquinas-lavavajillas-x-1-kilos","status":"publish","type":"product","link":"https:\/\/limamarket.com.ar\/home\/producto\/polvo-para-maquinas-lavavajillas-x-1-kilos\/","title":{"rendered":"Polvo para maquinas lavavajillas x 1 kilos"},"content":{"rendered":"<h4>\u00bfQu\u00e9 es?<\/h4>\n<p>Este es un detergente de lavado de vajilla de uso exclusivo en maquinas de lavado autom\u00e1ticas, el producto no hace espuma. es de calidad Ultra. Limpia en profundidad. Sin perfume. La vajilla quedar\u00e1 brillante y sin marcas de agua.<\/p>\n<h4>\u00bfC\u00f3mo se usa?<\/h4>\n<p>Colocar la cantidad que admite el lavavajillas en el recipiente indicado.<\/p>\n","protected":false},"excerpt":{"rendered":"<p>\u00bfQu\u00e9 es? Este es un detergente de lavado de vajilla de uso exclusivo en maquinas de lavado autom\u00e1ticas, el producto no hace espuma. es de calidad Ultra. Limpia en profundidad. Sin perfume. La vajilla quedar\u00e1 brillante y sin marcas de agua. \u00bfC\u00f3mo se usa? Colocar la cantidad que admite el lavavajillas en el recipiente indicado.<\/p>\n","protected":false},"featured_media":3098,"template":"","meta":{"_joinchat":[]},"product_cat":[377,26],"product_tag":[699],"_links":{"self":[{"href":"https:\/\/limamarket.com.ar\/home\/wp-json\/wp\/v2\/product\/3097"}],"collection":[{"href":"https:\/\/limamarket.com.ar\/home\/wp-json\/wp\/v2\/product"}],"about":[{"href":"https:\/\/limamarket.com.ar\/home\/wp-json\/wp\/v2\/types\/product"}],"wp:featuredmedia":[{"embeddable":true,"href":"https:\/\/limamarket.com.ar\/home\/wp-json\/wp\/v2\/media\/3098"}],"wp:attachment":[{"href":"https:\/\/limamarket.com.ar\/home\/wp-json\/wp\/v2\/media?parent=3097"}],"wp:term":[{"taxonomy":"product_cat","embeddable":true,"href":"https:\/\/limamarket.com.ar\/home\/wp-json\/wp\/v2\/product_cat?post=3097"},{"taxonomy":"product_tag","embeddable":true,"href":"https:\/\/limamarket.com.ar\/home\/wp-json\/wp\/v2\/product_tag?post=3097"}],"curies":[{"name":"wp","href":"https:\/\/api.w.org\/{rel}","templated":true}]}}