{"id":3089,"date":"2022-03-21T19:33:55","date_gmt":"2022-03-21T19:33:55","guid":{"rendered":"https:\/\/limamarket.com.ar\/home\/?post_type=product&#038;p=3089"},"modified":"2025-08-30T21:42:41","modified_gmt":"2025-08-30T21:42:41","slug":"cera-solvente-roble-claro-x-1-litro","status":"publish","type":"product","link":"https:\/\/limamarket.com.ar\/home\/producto\/cera-solvente-roble-claro-x-1-litro\/","title":{"rendered":"Cera Solvente Roble Claro x 1 litro"},"content":{"rendered":"<p>Nutre las superficies porosas de maderas y piedras cerrando los poros, dando una capa de polietileno y ceras naturales que al frotar con un pa\u00f1o seco o lustradora dan brillo.<\/p>\n<p>Sirve tambi\u00e9n para dar coloraciones a las superficies con el fin de revivir los colores naturales o de te\u00f1ir para generar un cambio.<\/p>\n<p>duradero sin formar capas.<\/p>\n<p>Impermeabiliza las superficies.<\/p>\n<h4>\u00bfQu\u00e9 es?<\/h4>\n<p>Este producto es una cera sin agua, en base a ceras y solventes. Especialmente para superficies de madera o porosas. Nutre las superficies porosas de maderas y piedras cerrando los poros, dando una capa de polietileno y ceras naturales que al frotar con un pa\u00f1o seco o lustradora dan brillo. Sirve tambi\u00e9n para dar coloraciones a las superficies con el fin de revivir los colores naturales o de te\u00f1ir para generar un cambio duradero sin formar capas. Impermeabiliza las superficies.<\/p>\n<h4>\u00bfC\u00f3mo se usa?<\/h4>\n<p>\u00abPara poder pasar la cera en pasta debe entibiarse el producto para hacerla liquida o cremosa, esto puede hacerse dej\u00e1ndola al sol unos minutos o bien cerca de alguna fuente de calor que NO SEA LLAMA DIRECTA \u0096PRECAUCION ES UN PRODUCTO INFLAMABLE-, una vez fluida aplicar directamente en el piso y pasar con un pasaceras o trapo seco.<\/p>\n","protected":false},"excerpt":{"rendered":"<p>Nutre las superficies porosas de maderas y piedras cerrando los poros, dando una capa de polietileno y ceras naturales que al frotar con un pa\u00f1o seco o lustradora dan brillo. Sirve tambi\u00e9n para dar coloraciones a las superficies con el fin de revivir los colores naturales o de te\u00f1ir para generar un cambio. duradero sin [&#8230;]\n","protected":false},"featured_media":3090,"template":"","meta":{"_joinchat":[]},"product_cat":[60,30],"product_tag":[696],"_links":{"self":[{"href":"https:\/\/limamarket.com.ar\/home\/wp-json\/wp\/v2\/product\/3089"}],"collection":[{"href":"https:\/\/limamarket.com.ar\/home\/wp-json\/wp\/v2\/product"}],"about":[{"href":"https:\/\/limamarket.com.ar\/home\/wp-json\/wp\/v2\/types\/product"}],"wp:featuredmedia":[{"embeddable":true,"href":"https:\/\/limamarket.com.ar\/home\/wp-json\/wp\/v2\/media\/3090"}],"wp:attachment":[{"href":"https:\/\/limamarket.com.ar\/home\/wp-json\/wp\/v2\/media?parent=3089"}],"wp:term":[{"taxonomy":"product_cat","embeddable":true,"href":"https:\/\/limamarket.com.ar\/home\/wp-json\/wp\/v2\/product_cat?post=3089"},{"taxonomy":"product_tag","embeddable":true,"href":"https:\/\/limamarket.com.ar\/home\/wp-json\/wp\/v2\/product_tag?post=3089"}],"curies":[{"name":"wp","href":"https:\/\/api.w.org\/{rel}","templated":true}]}}