{"id":3087,"date":"2022-03-21T19:00:09","date_gmt":"2022-03-21T19:00:09","guid":{"rendered":"https:\/\/limamarket.com.ar\/home\/?post_type=product&#038;p=3087"},"modified":"2024-06-28T19:48:35","modified_gmt":"2024-06-28T19:48:35","slug":"limpiador-desinfectante-desodorante-a-base-de-amonio-cuaternario-1-litro","status":"publish","type":"product","link":"https:\/\/limamarket.com.ar\/home\/producto\/limpiador-desinfectante-desodorante-a-base-de-amonio-cuaternario-1-litro\/","title":{"rendered":"Limpiador Desinfectante a base de amonio cuaternario concentrado 1 litro"},"content":{"rendered":"<p>Limpiador Desinfectante Desodorante a base de amonio cuaternario.<\/p>\n<p>Perfuma y desinfecta todas tus superficies en un solo paso.<\/p>\n<p>Presentaci\u00f3n 1 litro fraccionado .<\/p>\n<div class=\"fusion-layout-column fusion_builder_column fusion_builder_column_1_2 fusion-builder-column-30 fusion-one-half fusion-column-last 1_2\">\n<div class=\"fusion-column-wrapper\" data-bg-url=\"\">\n<div class=\"fusion-content-boxes content-boxes columns row fusion-columns-1 fusion-columns-total-1 fusion-content-boxes-15 content-boxes-icon-with-title content-left\" data-animationoffset=\"100%\">\n<div class=\"fusion-column content-box-column content-box-column content-box-column-1 col-lg-12 col-md-12 col-sm-12 fusion-content-box-hover content-box-column-last content-box-column-last-in-row\">\n<div class=\"col content-box-wrapper content-wrapper link-area-link-icon content-icon-wrapper-yes icon-hover-animation-fade\" data-animationoffset=\"100%\">\n<div class=\"fusion-clearfix\"><\/div>\n<div class=\"content-container\">\n<p><b>Desinfectante y desodorizante a base de amonios cuaternarios<\/b><\/p>\n<ul>\n<li>Ideal para todo tipo de superficies especialmente en pisos, cer\u00e1micos, azulejos, cocinas y ba\u00f1os.<\/li>\n<\/ul>\n<p><b>Modo de uso:<br \/>\n<\/b><\/p>\n<ul>\n<li><b>Para limpieza y desinfecci\u00f3n diaria diluir en una proporci\u00f3n de 200 a 400 ml. por cada 10 lts. de agua.<\/b><\/li>\n<li><b>Para suciedades muy rebeldes usar al 10% en agua.<\/b><\/li>\n<li><b>Como desinfectante usar el producto al 3 % de agua<\/b><\/li>\n<\/ul>\n<\/div>\n<\/div>\n<\/div>\n<\/div>\n<\/div>\n<\/div>\n","protected":false},"excerpt":{"rendered":"<p>Limpiador Desinfectante Desodorante a base de amonio cuaternario. Perfuma y desinfecta todas tus superficies en un solo paso. Presentaci\u00f3n 1 litro fraccionado . Desinfectante y desodorizante a base de amonios cuaternarios Ideal para todo tipo de superficies especialmente en pisos, cer\u00e1micos, azulejos, cocinas y ba\u00f1os. Modo de uso: Para limpieza y desinfecci\u00f3n diaria diluir en [&#8230;]\n","protected":false},"featured_media":4590,"template":"","meta":{"_joinchat":[]},"product_cat":[59,61,30],"product_tag":[784],"_links":{"self":[{"href":"https:\/\/limamarket.com.ar\/home\/wp-json\/wp\/v2\/product\/3087"}],"collection":[{"href":"https:\/\/limamarket.com.ar\/home\/wp-json\/wp\/v2\/product"}],"about":[{"href":"https:\/\/limamarket.com.ar\/home\/wp-json\/wp\/v2\/types\/product"}],"wp:featuredmedia":[{"embeddable":true,"href":"https:\/\/limamarket.com.ar\/home\/wp-json\/wp\/v2\/media\/4590"}],"wp:attachment":[{"href":"https:\/\/limamarket.com.ar\/home\/wp-json\/wp\/v2\/media?parent=3087"}],"wp:term":[{"taxonomy":"product_cat","embeddable":true,"href":"https:\/\/limamarket.com.ar\/home\/wp-json\/wp\/v2\/product_cat?post=3087"},{"taxonomy":"product_tag","embeddable":true,"href":"https:\/\/limamarket.com.ar\/home\/wp-json\/wp\/v2\/product_tag?post=3087"}],"curies":[{"name":"wp","href":"https:\/\/api.w.org\/{rel}","templated":true}]}}