{"id":3015,"date":"2022-03-03T22:47:23","date_gmt":"2022-03-03T22:47:23","guid":{"rendered":"https:\/\/limamarket.com.ar\/home\/?post_type=product&#038;p=3015"},"modified":"2025-05-19T21:10:38","modified_gmt":"2025-05-19T21:10:38","slug":"limpiador-concentrado-para-alfombras-y-tapizados-1-litro","status":"publish","type":"product","link":"https:\/\/limamarket.com.ar\/home\/producto\/limpiador-concentrado-para-alfombras-y-tapizados-1-litro\/","title":{"rendered":"LIMPIADOR CONCENTRADO PARA ALFOMBRAS Y TAPIZADOS 1 litro"},"content":{"rendered":"<p>LIMPIADOR CONCENTRADO PARA ALFOMBRAS Y TAPIZADOS<\/p>\n<p>Especialmente formulado para la limpieza profunda de alfombras, tapizados, moquetes, etc.<\/p>\n<p>Su espuma activa penetra a fondo en la fibra, removiendo la suciedad.<\/p>\n<p>Modo de uso:<br \/>\n&#8211; Pasar la aspiradora hasta quitar todo resto de polvo. Diluir 1 parte de producto hasta 10 partes<br \/>\ncon agua en un balde con agua tibia o fr\u00eda. Humedecer una esponja en la soluci\u00f3n y hacer presi\u00f3n para generar espuma. Aplique una capa delgada y uniforme de espuma en \u00e1reas<br \/>\nno mayores a 1 m2. Con un cepillo de cerda blanda, frote la alfombra siguiendo el sentido del<br \/>\npelo y luego en el sentido contrario hasta que desaparezca la espuma. Enjuague la esponja con<br \/>\nagua limpia. Pase la esponja hasta que el pelo se levante tomando un aspecto uniforme.<br \/>\nContin\u00fae aplicando en toda la zona, cuando est\u00e9 completamente seca, pase la aspiradora.<\/p>\n<p>Presentacion: 1 litro fraccionado.<\/p>\n","protected":false},"excerpt":{"rendered":"<p>LIMPIADOR CONCENTRADO PARA ALFOMBRAS Y TAPIZADOS Especialmente formulado para la limpieza profunda de alfombras, tapizados, moquetes, etc. Su espuma activa penetra a fondo en la fibra, removiendo la suciedad. Modo de uso: &#8211; Pasar la aspiradora hasta quitar todo resto de polvo. Diluir 1 parte de producto hasta 10 partes con agua en un balde [&#8230;]\n","protected":false},"featured_media":4587,"template":"","meta":{"_joinchat":[]},"product_cat":[250,30],"product_tag":[679],"_links":{"self":[{"href":"https:\/\/limamarket.com.ar\/home\/wp-json\/wp\/v2\/product\/3015"}],"collection":[{"href":"https:\/\/limamarket.com.ar\/home\/wp-json\/wp\/v2\/product"}],"about":[{"href":"https:\/\/limamarket.com.ar\/home\/wp-json\/wp\/v2\/types\/product"}],"wp:featuredmedia":[{"embeddable":true,"href":"https:\/\/limamarket.com.ar\/home\/wp-json\/wp\/v2\/media\/4587"}],"wp:attachment":[{"href":"https:\/\/limamarket.com.ar\/home\/wp-json\/wp\/v2\/media?parent=3015"}],"wp:term":[{"taxonomy":"product_cat","embeddable":true,"href":"https:\/\/limamarket.com.ar\/home\/wp-json\/wp\/v2\/product_cat?post=3015"},{"taxonomy":"product_tag","embeddable":true,"href":"https:\/\/limamarket.com.ar\/home\/wp-json\/wp\/v2\/product_tag?post=3015"}],"curies":[{"name":"wp","href":"https:\/\/api.w.org\/{rel}","templated":true}]}}