{"id":300,"date":"2021-06-02T19:58:46","date_gmt":"2021-06-02T19:58:46","guid":{"rendered":"https:\/\/limamarket.com.ar\/home\/?post_type=product&#038;p=300"},"modified":"2025-03-28T16:57:47","modified_gmt":"2025-03-28T16:57:47","slug":"hombrecito-virulana","status":"publish","type":"product","link":"https:\/\/limamarket.com.ar\/home\/producto\/hombrecito-virulana\/","title":{"rendered":"Hombrecito virulana"},"content":{"rendered":"<p>Descripci\u00f3n<\/p>\n<p>Hombrecito virulana desmontable pastel. Facilita la limpieza y proporciona un agarre del mango ideal. Dise\u00f1o \u00fanico! Decora tu cocina!<\/p>\n<p>Colores Pasteles : Rosa, amarillo, celeste, verde agua y lila (seg\u00fan stock)<\/p>\n","protected":false},"excerpt":{"rendered":"<p>Descripci\u00f3n Hombrecito virulana desmontable pastel. Facilita la limpieza y proporciona un agarre del mango ideal. Dise\u00f1o \u00fanico! Decora tu cocina! Colores Pasteles : Rosa, amarillo, celeste, verde agua y lila (seg\u00fan stock)<\/p>\n","protected":false},"featured_media":303,"template":"","meta":{"_joinchat":[]},"product_cat":[956,1106],"product_tag":[86],"_links":{"self":[{"href":"https:\/\/limamarket.com.ar\/home\/wp-json\/wp\/v2\/product\/300"}],"collection":[{"href":"https:\/\/limamarket.com.ar\/home\/wp-json\/wp\/v2\/product"}],"about":[{"href":"https:\/\/limamarket.com.ar\/home\/wp-json\/wp\/v2\/types\/product"}],"wp:featuredmedia":[{"embeddable":true,"href":"https:\/\/limamarket.com.ar\/home\/wp-json\/wp\/v2\/media\/303"}],"wp:attachment":[{"href":"https:\/\/limamarket.com.ar\/home\/wp-json\/wp\/v2\/media?parent=300"}],"wp:term":[{"taxonomy":"product_cat","embeddable":true,"href":"https:\/\/limamarket.com.ar\/home\/wp-json\/wp\/v2\/product_cat?post=300"},{"taxonomy":"product_tag","embeddable":true,"href":"https:\/\/limamarket.com.ar\/home\/wp-json\/wp\/v2\/product_tag?post=300"}],"curies":[{"name":"wp","href":"https:\/\/api.w.org\/{rel}","templated":true}]}}