{"id":2971,"date":"2022-02-23T19:53:20","date_gmt":"2022-02-23T19:53:20","guid":{"rendered":"https:\/\/limamarket.com.ar\/home\/?post_type=product&#038;p=2971"},"modified":"2023-08-15T16:55:32","modified_gmt":"2023-08-15T16:55:32","slug":"especieros-set-x-6-unidades-200cm3-tapa-blanca","status":"publish","type":"product","link":"https:\/\/limamarket.com.ar\/home\/producto\/especieros-set-x-6-unidades-200cm3-tapa-blanca\/","title":{"rendered":"ESPECIEROS X 1 UNIDAD 200cm3 TAPA BLANCA"},"content":{"rendered":"<p>Especieros con etiquetas de vinilo impermeables ( Aj\u00ed molido -Pimienta &#8211; Or\u00e9gano &#8211; Piment\u00f3n &#8211; Provenzal y Ajo) Capacidad 200cm3 Composici\u00f3n: de Vidrio con tapa Blanca a rosca.<\/p>\n","protected":false},"excerpt":{"rendered":"<p>Especieros con etiquetas de vinilo impermeables ( Aj\u00ed molido -Pimienta &#8211; Or\u00e9gano &#8211; Piment\u00f3n &#8211; Provenzal y Ajo) Capacidad 200cm3 Composici\u00f3n: de Vidrio con tapa Blanca a rosca.<\/p>\n","protected":false},"featured_media":2972,"template":"","meta":{"_joinchat":[]},"product_cat":[956],"product_tag":[671],"_links":{"self":[{"href":"https:\/\/limamarket.com.ar\/home\/wp-json\/wp\/v2\/product\/2971"}],"collection":[{"href":"https:\/\/limamarket.com.ar\/home\/wp-json\/wp\/v2\/product"}],"about":[{"href":"https:\/\/limamarket.com.ar\/home\/wp-json\/wp\/v2\/types\/product"}],"wp:featuredmedia":[{"embeddable":true,"href":"https:\/\/limamarket.com.ar\/home\/wp-json\/wp\/v2\/media\/2972"}],"wp:attachment":[{"href":"https:\/\/limamarket.com.ar\/home\/wp-json\/wp\/v2\/media?parent=2971"}],"wp:term":[{"taxonomy":"product_cat","embeddable":true,"href":"https:\/\/limamarket.com.ar\/home\/wp-json\/wp\/v2\/product_cat?post=2971"},{"taxonomy":"product_tag","embeddable":true,"href":"https:\/\/limamarket.com.ar\/home\/wp-json\/wp\/v2\/product_tag?post=2971"}],"curies":[{"name":"wp","href":"https:\/\/api.w.org\/{rel}","templated":true}]}}