{"id":2969,"date":"2022-02-22T22:08:41","date_gmt":"2022-02-22T22:08:41","guid":{"rendered":"https:\/\/limamarket.com.ar\/home\/?post_type=product&#038;p=2969"},"modified":"2026-05-02T21:13:37","modified_gmt":"2026-05-02T21:13:37","slug":"bicarbonato-de-sodio-x-1-kg","status":"publish","type":"product","link":"https:\/\/limamarket.com.ar\/home\/producto\/bicarbonato-de-sodio-x-1-kg\/","title":{"rendered":"Bicarbonato de Sodio X 1 kg."},"content":{"rendered":"<h1>Bicarbonato de Sodio X 1 kg.<\/h1>\n<div id=\"short_description_block\">\n<div id=\"short_description_content\" class=\"rte align_justify\">\n<p>Desodoriza tu cesto de basura CONSEJO: Roc\u00eda bicarbonato entre las capas de basura acumulada para absorber y neutralizar los olores.<\/p>\n<p>Adem\u00e1s, lava y desodoriza regularmente los cestos de basura con una soluci\u00f3n de 1\/4 taza de bicarbonato por litro de agua.<\/p>\n<p>\/ Desag\u00fces: Roc\u00eda regularmente los desag\u00fces mientras dejas correr el agua caliente para mantenerlos frescos y libres de olores.<\/p>\n<p>\/ Bachas y ba\u00f1eras: Roc\u00eda bicarbonato en una esponja h\u00fameda y frota f\u00e1cilmente la suciedad de ba\u00f1eras, bachas, azulejos y m\u00e1s.<\/p>\n<p>\/ Cortinas de ba\u00f1o de vinilo: \u00a1No te rindas todav\u00eda! A\u00f1ad\u00ed bicarbonato en una esponja h\u00fameda, humedece las cortinas, enjuaga y cu\u00e9lgalas para que se sequen.<\/p>\n<p>\/ Desodorizar Esponja de cocina:Mezclar un cucharada de bicarbonato con una taza de agua tibia, sumergir la esponja durante una hora.<\/p>\n<p>Enjuagar.<\/p>\n<p>\/ Desodorizar luncheras: Humedecer la esponja, espolvorear con bicarbonato de sodio.<\/p>\n<p>Repasar la cara interna de la lunchera, dejar al menos media hora.<\/p>\n<p>Enjuagar con rejilla h\u00fameda.<\/p>\n<h4>\u00bfQu\u00e9 es?<\/h4>\n<p>El bicarbonato de sodio es un polvo granulado indicado para la limpieza y desodorizaci\u00f3n de m\u00faltiples superficies.<\/p>\n<h4>\u00bfC\u00f3mo se usa?<\/h4>\n<p>Manchas en telas: Cuatro partes de bicarbonato, mas cuatro partes de agua tibia. Se hace una pasta. Cubrir manchas dif\u00edciles, dejar actuar quince minutos y enjuagar.\/ Media taza dentro del tambor del lavarropas a la hora de lavar ropa de cama y toallas, desodoriza y refresca. \/ Refresca tu armario o placard: Coloca un recipiente con bicarbonato dentro de las alacenas de cocina o ba\u00f1os, placares, etc. Mantendr\u00e1 el espacio fresco y libre de olores. \/ Embellece el ba\u00f1o CONSEJO: Pasa el bicarbonato con una esponja h\u00fameda limpia y friega normalmente, luego enjuaga bien y seca. Es una forma simple de dejar tu ba\u00f1o reluciente de limpio y fresco.<\/p>\n<\/div>\n<\/div>\n","protected":false},"excerpt":{"rendered":"<p>Bicarbonato de Sodio X 1 kg. Desodoriza tu cesto de basura CONSEJO: Roc\u00eda bicarbonato entre las capas de basura acumulada para absorber y neutralizar los olores. Adem\u00e1s, lava y desodoriza regularmente los cestos de basura con una soluci\u00f3n de 1\/4 taza de bicarbonato por litro de agua. \/ Desag\u00fces: Roc\u00eda regularmente los desag\u00fces mientras dejas [&#8230;]\n","protected":false},"featured_media":5565,"template":"","meta":{"_joinchat":[]},"product_cat":[1147,49,250,16,26,29,30,33],"product_tag":[670],"_links":{"self":[{"href":"https:\/\/limamarket.com.ar\/home\/wp-json\/wp\/v2\/product\/2969"}],"collection":[{"href":"https:\/\/limamarket.com.ar\/home\/wp-json\/wp\/v2\/product"}],"about":[{"href":"https:\/\/limamarket.com.ar\/home\/wp-json\/wp\/v2\/types\/product"}],"wp:featuredmedia":[{"embeddable":true,"href":"https:\/\/limamarket.com.ar\/home\/wp-json\/wp\/v2\/media\/5565"}],"wp:attachment":[{"href":"https:\/\/limamarket.com.ar\/home\/wp-json\/wp\/v2\/media?parent=2969"}],"wp:term":[{"taxonomy":"product_cat","embeddable":true,"href":"https:\/\/limamarket.com.ar\/home\/wp-json\/wp\/v2\/product_cat?post=2969"},{"taxonomy":"product_tag","embeddable":true,"href":"https:\/\/limamarket.com.ar\/home\/wp-json\/wp\/v2\/product_tag?post=2969"}],"curies":[{"name":"wp","href":"https:\/\/api.w.org\/{rel}","templated":true}]}}