{"id":2919,"date":"2022-02-21T17:03:16","date_gmt":"2022-02-21T17:03:16","guid":{"rendered":"https:\/\/limamarket.com.ar\/home\/?post_type=product&#038;p=2919"},"modified":"2024-11-08T16:58:26","modified_gmt":"2024-11-08T16:58:26","slug":"sellador-bolsa-plastico-super-sealer-selladora-bolsas","status":"publish","type":"product","link":"https:\/\/limamarket.com.ar\/home\/producto\/sellador-bolsa-plastico-super-sealer-selladora-bolsas\/","title":{"rendered":"Sellador Bolsa Plastico Super Sealer Selladora Bolsas"},"content":{"rendered":"<h1 class=\"ui-pdp-title\">Sellador Bolsa Plastico Super Sealer Selladora Bolsas<\/h1>\n<p>Sellador bolsa plastico super sealer selladora bolsas pilas<\/p>\n<p>Permite Sellar con seguridad bolsas de productos conservando texturas y nutrientes de las sobras.<br \/>\nUtiliza calor para sellar y F\u00e1cil de usar<\/p>\n<p>Tecnolog\u00eda micro t\u00e9rmica<br \/>\nRequiere 2 pilas AA (no incluidas)<\/p>\n<p>Material capaz de cierre de:<br \/>\nBolsas de pl\u00e1stico para compras<br \/>\nBolsas pl\u00e1stica de embalaje de alimentos en supermercados<br \/>\nAlimento envasado<\/p>\n<p>&nbsp;<\/p>\n","protected":false},"excerpt":{"rendered":"<p>Sellador Bolsa Plastico Super Sealer Selladora Bolsas Sellador bolsa plastico super sealer selladora bolsas pilas Permite Sellar con seguridad bolsas de productos conservando texturas y nutrientes de las sobras. Utiliza calor para sellar y F\u00e1cil de usar Tecnolog\u00eda micro t\u00e9rmica Requiere 2 pilas AA (no incluidas) Material capaz de cierre de: Bolsas de pl\u00e1stico para [&#8230;]\n","protected":false},"featured_media":2921,"template":"","meta":{"_joinchat":[]},"product_cat":[956,1104],"product_tag":[658],"_links":{"self":[{"href":"https:\/\/limamarket.com.ar\/home\/wp-json\/wp\/v2\/product\/2919"}],"collection":[{"href":"https:\/\/limamarket.com.ar\/home\/wp-json\/wp\/v2\/product"}],"about":[{"href":"https:\/\/limamarket.com.ar\/home\/wp-json\/wp\/v2\/types\/product"}],"wp:featuredmedia":[{"embeddable":true,"href":"https:\/\/limamarket.com.ar\/home\/wp-json\/wp\/v2\/media\/2921"}],"wp:attachment":[{"href":"https:\/\/limamarket.com.ar\/home\/wp-json\/wp\/v2\/media?parent=2919"}],"wp:term":[{"taxonomy":"product_cat","embeddable":true,"href":"https:\/\/limamarket.com.ar\/home\/wp-json\/wp\/v2\/product_cat?post=2919"},{"taxonomy":"product_tag","embeddable":true,"href":"https:\/\/limamarket.com.ar\/home\/wp-json\/wp\/v2\/product_tag?post=2919"}],"curies":[{"name":"wp","href":"https:\/\/api.w.org\/{rel}","templated":true}]}}