{"id":278,"date":"2021-06-02T17:33:25","date_gmt":"2021-06-02T17:33:25","guid":{"rendered":"https:\/\/limamarket.com.ar\/home\/?post_type=product&#038;p=278"},"modified":"2026-04-06T16:59:01","modified_gmt":"2026-04-06T16:59:01","slug":"lavandina-ropa-color-seiq-5lt","status":"publish","type":"product","link":"https:\/\/limamarket.com.ar\/home\/producto\/lavandina-ropa-color-seiq-5lt\/","title":{"rendered":"BLANQUEADOR PARA ROPA DE COLOR 5LT"},"content":{"rendered":"<p>Formulado para prendas de color: s\u00e1banas, uniformes, manteler\u00eda, etc. Ideal en protocolos de lavado del \u00e1rea<br \/>\nhospitalaria, hoteler\u00eda, industrias y servicios de alimentaci\u00f3n.<\/p>\n<p>&#8211; Diluir 50 cc de blanqueador por kilo de ropa seca. En caso de ser necesario aplicar una segunda etapa.<\/p>\n<p>Recomendaci\u00f3n: no mezclar la ropa blanca con la de color en el proceso de lavado ni aplicar el producto puro<br \/>\nsobre las prendas. Es un producto l\u00edquido formulado especialmente para la eliminaci\u00f3n de manchas d\u00edfciles<br \/>\nde remover, adheridas a la ropa de color.<\/p>\n<p>Ventajas: es un producto totalmente soluble en agua fr\u00eda o caliente.<br \/>\nContiene abrillantadores \u00f3pticos que ayudan a realzar el color de los tejidos. Excelente eliminador de manchas<br \/>\n\u00f3rganicas. Es un producto totalmente biodegradable. Coadyuvante del detergente en la remoci\u00f3n de manchas<br \/>\ndif\u00edciles de tipo org\u00e1nico.<\/p>\n<p>Aspecto: l\u00edquido<br \/>\nColor: incoloro<br \/>\nOlor: caracter\u00edstico<br \/>\npH: 2<\/p>\n<p>Marca: SEIQ<\/p>\n","protected":false},"excerpt":{"rendered":"<p>Formulado para prendas de color: s\u00e1banas, uniformes, manteler\u00eda, etc. Ideal en protocolos de lavado del \u00e1rea hospitalaria, hoteler\u00eda, industrias y servicios de alimentaci\u00f3n. &#8211; Diluir 50 cc de blanqueador por kilo de ropa seca. En caso de ser necesario aplicar una segunda etapa. Recomendaci\u00f3n: no mezclar la ropa blanca con la de color en el [&#8230;]\n","protected":false},"featured_media":970,"template":"","meta":{"_joinchat":[]},"product_cat":[1147,16],"product_tag":[1285,768,1008],"_links":{"self":[{"href":"https:\/\/limamarket.com.ar\/home\/wp-json\/wp\/v2\/product\/278"}],"collection":[{"href":"https:\/\/limamarket.com.ar\/home\/wp-json\/wp\/v2\/product"}],"about":[{"href":"https:\/\/limamarket.com.ar\/home\/wp-json\/wp\/v2\/types\/product"}],"wp:featuredmedia":[{"embeddable":true,"href":"https:\/\/limamarket.com.ar\/home\/wp-json\/wp\/v2\/media\/970"}],"wp:attachment":[{"href":"https:\/\/limamarket.com.ar\/home\/wp-json\/wp\/v2\/media?parent=278"}],"wp:term":[{"taxonomy":"product_cat","embeddable":true,"href":"https:\/\/limamarket.com.ar\/home\/wp-json\/wp\/v2\/product_cat?post=278"},{"taxonomy":"product_tag","embeddable":true,"href":"https:\/\/limamarket.com.ar\/home\/wp-json\/wp\/v2\/product_tag?post=278"}],"curies":[{"name":"wp","href":"https:\/\/api.w.org\/{rel}","templated":true}]}}