{"id":273,"date":"2021-06-02T17:03:00","date_gmt":"2021-06-02T17:03:00","guid":{"rendered":"https:\/\/limamarket.com.ar\/home\/?post_type=product&#038;p=273"},"modified":"2026-04-06T16:58:02","modified_gmt":"2026-04-06T16:58:02","slug":"lavandina-ropa-blanca-seiq-5lt","status":"publish","type":"product","link":"https:\/\/limamarket.com.ar\/home\/producto\/lavandina-ropa-blanca-seiq-5lt\/","title":{"rendered":"Lavandina ropa blanca Seiq 5lt"},"content":{"rendered":"<p>&nbsp;<\/p>\n<p>DESCRIPCI\u00d3N<\/p>\n<p>&nbsp;<\/p>\n<p>Blanqueador clorado l\u00edquido<\/p>\n<p>Ideal para hospitales, ropa de cama, de cirug\u00eda con manchas de sangre, hoteles, toallas, manteler\u00eda, ropa de cocina, manchas de jugo, vinos, salsas, t\u00e9 y caf\u00e9.<\/p>\n<p>Desinfecta y blanquea en una sola operaci\u00f3n, reduciendo los tiempos de lavado. Contiene agentes clorados que resaltan el blanco de las prendas sin da\u00f1ar las fibras, eliminando las manchas rebeldes. Su f\u00f3rmula mantiene aisladas las part\u00edculas met\u00e1licas del agua. Usado con el detergente, deja la ropa mucho m\u00e1s blanca, con un blanco perfecto.<\/p>\n<p>&nbsp;<\/p>\n<p>Informaci\u00f3n adicional<\/p>\n<p>&nbsp;<\/p>\n<p>Modo de uso: Se aplican 30 cm3 por kilo de ropa seca.<\/p>\n<p>Otras caracter\u00edsticas<\/p>\n<p>Es apto para lavarropas: S\u00ed<\/p>\n<p>Es blanqueador: S\u00ed<\/p>\n","protected":false},"excerpt":{"rendered":"<p>&nbsp; DESCRIPCI\u00d3N &nbsp; Blanqueador clorado l\u00edquido Ideal para hospitales, ropa de cama, de cirug\u00eda con manchas de sangre, hoteles, toallas, manteler\u00eda, ropa de cocina, manchas de jugo, vinos, salsas, t\u00e9 y caf\u00e9. Desinfecta y blanquea en una sola operaci\u00f3n, reduciendo los tiempos de lavado. Contiene agentes clorados que resaltan el blanco de las prendas sin [&#8230;]\n","protected":false},"featured_media":969,"template":"","meta":{"_joinchat":[]},"product_cat":[1147,16],"product_tag":[64],"_links":{"self":[{"href":"https:\/\/limamarket.com.ar\/home\/wp-json\/wp\/v2\/product\/273"}],"collection":[{"href":"https:\/\/limamarket.com.ar\/home\/wp-json\/wp\/v2\/product"}],"about":[{"href":"https:\/\/limamarket.com.ar\/home\/wp-json\/wp\/v2\/types\/product"}],"wp:featuredmedia":[{"embeddable":true,"href":"https:\/\/limamarket.com.ar\/home\/wp-json\/wp\/v2\/media\/969"}],"wp:attachment":[{"href":"https:\/\/limamarket.com.ar\/home\/wp-json\/wp\/v2\/media?parent=273"}],"wp:term":[{"taxonomy":"product_cat","embeddable":true,"href":"https:\/\/limamarket.com.ar\/home\/wp-json\/wp\/v2\/product_cat?post=273"},{"taxonomy":"product_tag","embeddable":true,"href":"https:\/\/limamarket.com.ar\/home\/wp-json\/wp\/v2\/product_tag?post=273"}],"curies":[{"name":"wp","href":"https:\/\/api.w.org\/{rel}","templated":true}]}}